{"id":2937,"date":"2026-02-27T08:59:09","date_gmt":"2026-02-27T07:59:09","guid":{"rendered":"https:\/\/roulottes.ch\/?page_id=2937"},"modified":"2026-03-03T11:48:54","modified_gmt":"2026-03-03T10:48:54","slug":"grundkonstruktion","status":"publish","type":"page","link":"https:\/\/roulottes.ch\/fr\/wagenbau\/grundkonstruktion\/","title":{"rendered":"Etappe | &#8211; Grundkonstruktion"},"content":{"rendered":"\n<figure class=\"wp-block-image size-large\"><img loading=\"lazy\" decoding=\"async\" width=\"1024\" height=\"518\" src=\"https:\/\/roulottes.ch\/wp-content\/uploads\/2023\/12\/cropped-HOLZ_Dachaufrichte_0624_rgb-1024x518.jpg\" alt=\"\" class=\"wp-image-2110\" srcset=\"https:\/\/roulottes.ch\/wp-content\/uploads\/2023\/12\/cropped-HOLZ_Dachaufrichte_0624_rgb-1024x518.jpg 1024w, https:\/\/roulottes.ch\/wp-content\/uploads\/2023\/12\/cropped-HOLZ_Dachaufrichte_0624_rgb-300x152.jpg 300w, https:\/\/roulottes.ch\/wp-content\/uploads\/2023\/12\/cropped-HOLZ_Dachaufrichte_0624_rgb-768x388.jpg 768w, https:\/\/roulottes.ch\/wp-content\/uploads\/2023\/12\/cropped-HOLZ_Dachaufrichte_0624_rgb-1536x777.jpg 1536w, https:\/\/roulottes.ch\/wp-content\/uploads\/2023\/12\/cropped-HOLZ_Dachaufrichte_0624_rgb-500x253.jpg 500w, https:\/\/roulottes.ch\/wp-content\/uploads\/2023\/12\/cropped-HOLZ_Dachaufrichte_0624_rgb-800x405.jpg 800w, https:\/\/roulottes.ch\/wp-content\/uploads\/2023\/12\/cropped-HOLZ_Dachaufrichte_0624_rgb-1280x647.jpg 1280w, https:\/\/roulottes.ch\/wp-content\/uploads\/2023\/12\/cropped-HOLZ_Dachaufrichte_0624_rgb-534x270.jpg 534w, https:\/\/roulottes.ch\/wp-content\/uploads\/2023\/12\/cropped-HOLZ_Dachaufrichte_0624_rgb.jpg 1600w\" sizes=\"auto, (max-width: 1024px) 100vw, 1024px\" \/><\/figure>\n\n\n\n<div style=\"height:100px\" aria-hidden=\"true\" class=\"wp-block-spacer\"><\/div>\n\n\n\n<h2 class=\"wp-block-heading has-text-align-left has-large-font-size\" style=\"letter-spacing:0px\">Chassis<\/h2>\n\n\n\n<p>Das Chassis oder Fahrgestell kann occasion erworben, angepasst und aufbereitet werden oder neu auf Mass angefertigt werden. Bei online-K\u00e4ufen ist es ratsam das Chassis vorher zu besichtigen und zu begutachten ob es sich f\u00fcr den geplanten Aufbau eignet. Radstand, Breite\/L\u00e4nge\/H\u00f6he und Bremse spielen je nach Standort und Nutzung eine wichtige Rolle.<\/p>\n\n\n\n<figure class=\"wp-block-image\"><img loading=\"lazy\" decoding=\"async\" width=\"1024\" height=\"638\" src=\"http:\/\/roulottes.ch\/wp-content\/uploads\/2019\/09\/20180723_151942-e1567590202472-1024x638.jpg\" alt=\"\" class=\"wp-image-823\" srcset=\"https:\/\/roulottes.ch\/wp-content\/uploads\/2019\/09\/20180723_151942-e1567590202472-1024x638.jpg 1024w, https:\/\/roulottes.ch\/wp-content\/uploads\/2019\/09\/20180723_151942-e1567590202472-300x187.jpg 300w, https:\/\/roulottes.ch\/wp-content\/uploads\/2019\/09\/20180723_151942-e1567590202472-768x479.jpg 768w, https:\/\/roulottes.ch\/wp-content\/uploads\/2019\/09\/20180723_151942-e1567590202472.jpg 1030w\" sizes=\"auto, (max-width: 1024px) 100vw, 1024px\" \/><figcaption class=\"wp-element-caption\">Chassis vor der Bearbeitung<\/figcaption><\/figure>\n\n\n\n<figure class=\"wp-block-image\"><img loading=\"lazy\" decoding=\"async\" width=\"1024\" height=\"768\" src=\"http:\/\/roulottes.ch\/wp-content\/uploads\/2019\/09\/P1020751-1024x768.jpg\" alt=\"\" class=\"wp-image-820\" srcset=\"https:\/\/roulottes.ch\/wp-content\/uploads\/2019\/09\/P1020751-1024x768.jpg 1024w, https:\/\/roulottes.ch\/wp-content\/uploads\/2019\/09\/P1020751-300x225.jpg 300w, https:\/\/roulottes.ch\/wp-content\/uploads\/2019\/09\/P1020751-768x576.jpg 768w, https:\/\/roulottes.ch\/wp-content\/uploads\/2019\/09\/P1020751-1200x900.jpg 1200w\" sizes=\"auto, (max-width: 1024px) 100vw, 1024px\" \/><figcaption class=\"wp-element-caption\">Chassis im Spritzraum  mit neuer Farbe<\/figcaption><\/figure>\n\n\n\n<figure class=\"wp-block-image\"><img decoding=\"async\" src=\"http:\/\/roulottes.ch\/wp-content\/uploads\/2018\/01\/IMG_20171114_132527-e1510753611650-1024x592.jpg\" alt=\"\"\/><figcaption class=\"wp-element-caption\">Aufbereitetes Wagenchassis 7m, in Schr\u00e4glage<\/figcaption><\/figure>\n\n\n\n<hr class=\"wp-block-separator has-alpha-channel-opacity\"\/>\n\n\n\n<h2 class=\"wp-block-heading has-text-align-left has-large-font-size\">Rahmen<\/h2>\n\n\n\n<figure class=\"wp-block-image size-large\"><img loading=\"lazy\" decoding=\"async\" width=\"1024\" height=\"683\" src=\"https:\/\/roulottes.ch\/wp-content\/uploads\/2021\/06\/DSCF0908-2-1024x683.jpg\" alt=\"\" class=\"wp-image-1372\" srcset=\"https:\/\/roulottes.ch\/wp-content\/uploads\/2021\/06\/DSCF0908-2-1024x683.jpg 1024w, https:\/\/roulottes.ch\/wp-content\/uploads\/2021\/06\/DSCF0908-2-300x200.jpg 300w, https:\/\/roulottes.ch\/wp-content\/uploads\/2021\/06\/DSCF0908-2-768x512.jpg 768w\" sizes=\"auto, (max-width: 1024px) 100vw, 1024px\" \/><\/figure>\n\n\n\n<p>Wir achten grunds\u00e4tzlich darauf, dass die Konstruktion m\u00f6glichst stabil, leicht und flexibel ist. Deshalb verwenden wir f\u00fcr die Grundkonstruktion Eschenholz. Es ist langfaserig, hart, biegbar und dauerhaft. F\u00fcr den Boden, die W\u00e4nde und das Dach werden einzelne Rahmen gebaut, so k\u00f6nnen auch einzelne Teile angepasst oder wenn n\u00f6tig repariert werden. <\/p>\n\n\n\n<hr class=\"wp-block-separator has-alpha-channel-opacity\"\/>\n\n\n\n<h2 class=\"wp-block-heading has-text-align-left has-large-font-size\">Boden<\/h2>\n\n\n\n<p>Bodenbel\u00e4ge k\u00f6nnen nach Belieben gew\u00e4hlt werden. Ein Unterboden geh\u00f6rt zur Standardkonstruktion, denn dieser Sch\u00fctzt den Wagen von unten. Wenn Parkett gew\u00fcnscht ist, gibt es einen Blindboden, der als Befestigungsgrundlage dient. Bei der meist-verbauten Variante &#8211; Riemenboden- braucht es keinen Blindboden. Die Riemen werden direkt an der Grundkonstruktion befestigt. Hier gibt es diverse Ausf\u00fchrungen in verschiedenen H\u00f6lzern.<\/p>\n\n\n\n<figure class=\"wp-block-image size-large\"><img loading=\"lazy\" decoding=\"async\" width=\"1024\" height=\"412\" src=\"https:\/\/roulottes.ch\/wp-content\/uploads\/2021\/06\/20210607_152359-e1740175055520-1024x412.jpg\" alt=\"\" class=\"wp-image-1450\" srcset=\"https:\/\/roulottes.ch\/wp-content\/uploads\/2021\/06\/20210607_152359-e1740175055520-1024x412.jpg 1024w, https:\/\/roulottes.ch\/wp-content\/uploads\/2021\/06\/20210607_152359-e1740175055520-300x121.jpg 300w, https:\/\/roulottes.ch\/wp-content\/uploads\/2021\/06\/20210607_152359-e1740175055520-768x309.jpg 768w, https:\/\/roulottes.ch\/wp-content\/uploads\/2021\/06\/20210607_152359-e1740175055520-1536x619.jpg 1536w, https:\/\/roulottes.ch\/wp-content\/uploads\/2021\/06\/20210607_152359-e1740175055520-500x201.jpg 500w, https:\/\/roulottes.ch\/wp-content\/uploads\/2021\/06\/20210607_152359-e1740175055520-800x322.jpg 800w, https:\/\/roulottes.ch\/wp-content\/uploads\/2021\/06\/20210607_152359-e1740175055520-1280x515.jpg 1280w, https:\/\/roulottes.ch\/wp-content\/uploads\/2021\/06\/20210607_152359-e1740175055520-604x243.jpg 604w, https:\/\/roulottes.ch\/wp-content\/uploads\/2021\/06\/20210607_152359-e1740175055520.jpg 1788w\" sizes=\"auto, (max-width: 1024px) 100vw, 1024px\" \/><figcaption class=\"wp-element-caption\">Unterboden<\/figcaption><\/figure>\n\n\n\n<figure class=\"wp-block-image size-large\"><img loading=\"lazy\" decoding=\"async\" width=\"1024\" height=\"576\" src=\"https:\/\/roulottes.ch\/wp-content\/uploads\/2023\/05\/20230522_113939-1024x576.jpg\" alt=\"\" class=\"wp-image-1917\" srcset=\"https:\/\/roulottes.ch\/wp-content\/uploads\/2023\/05\/20230522_113939-1024x576.jpg 1024w, https:\/\/roulottes.ch\/wp-content\/uploads\/2023\/05\/20230522_113939-300x169.jpg 300w, https:\/\/roulottes.ch\/wp-content\/uploads\/2023\/05\/20230522_113939-768x432.jpg 768w, https:\/\/roulottes.ch\/wp-content\/uploads\/2023\/05\/20230522_113939-1536x864.jpg 1536w, https:\/\/roulottes.ch\/wp-content\/uploads\/2023\/05\/20230522_113939-2048x1152.jpg 2048w, https:\/\/roulottes.ch\/wp-content\/uploads\/2023\/05\/20230522_113939-500x281.jpg 500w, https:\/\/roulottes.ch\/wp-content\/uploads\/2023\/05\/20230522_113939-800x450.jpg 800w, https:\/\/roulottes.ch\/wp-content\/uploads\/2023\/05\/20230522_113939-1280x720.jpg 1280w, https:\/\/roulottes.ch\/wp-content\/uploads\/2023\/05\/20230522_113939-1920x1080.jpg 1920w, https:\/\/roulottes.ch\/wp-content\/uploads\/2023\/05\/20230522_113939-480x270.jpg 480w\" sizes=\"auto, (max-width: 1024px) 100vw, 1024px\" \/><figcaption class=\"wp-element-caption\">Pappelboden, roh<\/figcaption><\/figure>\n\n\n<div class=\"wp-block-image\">\n<figure class=\"aligncenter size-full\"><img loading=\"lazy\" decoding=\"async\" width=\"768\" height=\"721\" src=\"https:\/\/roulottes.ch\/wp-content\/uploads\/2021\/08\/Screenshot_20210715-172146_Signal.jpg\" alt=\"\" class=\"wp-image-1492\" srcset=\"https:\/\/roulottes.ch\/wp-content\/uploads\/2021\/08\/Screenshot_20210715-172146_Signal.jpg 768w, https:\/\/roulottes.ch\/wp-content\/uploads\/2021\/08\/Screenshot_20210715-172146_Signal-300x282.jpg 300w, https:\/\/roulottes.ch\/wp-content\/uploads\/2021\/08\/Screenshot_20210715-172146_Signal-500x469.jpg 500w, https:\/\/roulottes.ch\/wp-content\/uploads\/2021\/08\/Screenshot_20210715-172146_Signal-288x270.jpg 288w\" sizes=\"auto, (max-width: 768px) 100vw, 768px\" \/><figcaption class=\"wp-element-caption\">Detail, Erlenboden ge\u00f6lt<\/figcaption><\/figure>\n<\/div>\n\n\n<hr class=\"wp-block-separator has-alpha-channel-opacity\"\/>\n\n\n\n<h3 class=\"wp-block-heading has-text-align-left has-large-font-size\">Verbindung<\/h3>\n\n\n\n<p>Die Einzelteile sind mit Schlitzzapfen Verbindungen zusammengef\u00fcgt und mit Holzn\u00e4geln fixiert. Elemente werden mittels Laschen und Holzn\u00e4geln aneinander befestigt.<\/p>\n\n\n\n<figure class=\"wp-block-image size-large\"><img loading=\"lazy\" decoding=\"async\" width=\"1024\" height=\"683\" src=\"https:\/\/roulottes.ch\/wp-content\/uploads\/2021\/06\/DSCF0924-1024x683.jpg\" alt=\"\" class=\"wp-image-1373\" srcset=\"https:\/\/roulottes.ch\/wp-content\/uploads\/2021\/06\/DSCF0924-1024x683.jpg 1024w, https:\/\/roulottes.ch\/wp-content\/uploads\/2021\/06\/DSCF0924-300x200.jpg 300w, https:\/\/roulottes.ch\/wp-content\/uploads\/2021\/06\/DSCF0924-768x512.jpg 768w, https:\/\/roulottes.ch\/wp-content\/uploads\/2021\/06\/DSCF0924-1536x1024.jpg 1536w, https:\/\/roulottes.ch\/wp-content\/uploads\/2021\/06\/DSCF0924-2048x1365.jpg 2048w, https:\/\/roulottes.ch\/wp-content\/uploads\/2021\/06\/DSCF0924-500x333.jpg 500w, https:\/\/roulottes.ch\/wp-content\/uploads\/2021\/06\/DSCF0924-800x533.jpg 800w, https:\/\/roulottes.ch\/wp-content\/uploads\/2021\/06\/DSCF0924-1280x853.jpg 1280w, https:\/\/roulottes.ch\/wp-content\/uploads\/2021\/06\/DSCF0924-1920x1280.jpg 1920w, https:\/\/roulottes.ch\/wp-content\/uploads\/2021\/06\/DSCF0924-405x270.jpg 405w\" sizes=\"auto, (max-width: 1024px) 100vw, 1024px\" \/><\/figure>\n\n\n\n<figure class=\"wp-block-image size-large\"><img loading=\"lazy\" decoding=\"async\" width=\"1024\" height=\"683\" src=\"https:\/\/roulottes.ch\/wp-content\/uploads\/2021\/04\/DSCF0677-1024x683.jpg\" alt=\"\" class=\"wp-image-1265\" srcset=\"https:\/\/roulottes.ch\/wp-content\/uploads\/2021\/04\/DSCF0677-1024x683.jpg 1024w, https:\/\/roulottes.ch\/wp-content\/uploads\/2021\/04\/DSCF0677-300x200.jpg 300w, https:\/\/roulottes.ch\/wp-content\/uploads\/2021\/04\/DSCF0677-768x512.jpg 768w\" sizes=\"auto, (max-width: 1024px) 100vw, 1024px\" \/><\/figure>\n\n\n\n<figure class=\"wp-block-image size-full\"><img loading=\"lazy\" decoding=\"async\" width=\"2400\" height=\"1600\" src=\"https:\/\/roulottes.ch\/wp-content\/uploads\/2024\/02\/Luis-Schreiner.jpg\" alt=\"\" class=\"wp-image-2192\"\/><\/figure>\n\n\n\n<hr class=\"wp-block-separator has-alpha-channel-opacity\"\/>\n\n\n\n<h3 class=\"wp-block-heading has-text-align-left has-large-font-size\">Dachkonstruktion<\/h3>\n\n\n\n<p>Bei der Dachkonstruktion gibt es in drei Varianten 1. Standard Korbb\u00f6gen &#8211; das meist gew\u00e4hlte klassische Runddach. 2. Stichb\u00f6gen &#8211; ein flachere Konstruktion mit Schwalbenschwanz -Verbindung die oft bei H\u00f6heneinschr\u00e4nkungen gew\u00e4hlt wird. 3. Eine der beiden erw\u00e4hnten Bogenkonstruktionen mit Oberlicht.<br><\/p>\n\n\n\n<figure class=\"wp-block-image size-large\"><img loading=\"lazy\" decoding=\"async\" width=\"1024\" height=\"597\" src=\"https:\/\/roulottes.ch\/wp-content\/uploads\/2023\/12\/HOLZ_Dachaufrichte_0634_rgb-1024x597.jpg\" alt=\"\" class=\"wp-image-2096\" srcset=\"https:\/\/roulottes.ch\/wp-content\/uploads\/2023\/12\/HOLZ_Dachaufrichte_0634_rgb-1024x597.jpg 1024w, https:\/\/roulottes.ch\/wp-content\/uploads\/2023\/12\/HOLZ_Dachaufrichte_0634_rgb-300x175.jpg 300w\" sizes=\"auto, (max-width: 1024px) 100vw, 1024px\" \/><figcaption class=\"wp-element-caption\">Oberlichtkonstruktion mit Gerberstoss.<\/figcaption><\/figure>\n\n\n\n<p>D\u00e4cher k\u00f6nnen auch mit Formabweichungen konstruiert werden. z.B. Eine Dachspitze oder Zwiebelform. <\/p>\n\n\n\n<figure class=\"wp-block-image size-large\"><img loading=\"lazy\" decoding=\"async\" width=\"1024\" height=\"768\" src=\"https:\/\/roulottes.ch\/wp-content\/uploads\/2021\/06\/20210603_155054-1024x768.jpg\" alt=\"\" class=\"wp-image-1435\" srcset=\"https:\/\/roulottes.ch\/wp-content\/uploads\/2021\/06\/20210603_155054-1024x768.jpg 1024w, https:\/\/roulottes.ch\/wp-content\/uploads\/2021\/06\/20210603_155054-300x225.jpg 300w, https:\/\/roulottes.ch\/wp-content\/uploads\/2021\/06\/20210603_155054-768x576.jpg 768w, https:\/\/roulottes.ch\/wp-content\/uploads\/2021\/06\/20210603_155054-1536x1152.jpg 1536w, https:\/\/roulottes.ch\/wp-content\/uploads\/2021\/06\/20210603_155054-2048x1536.jpg 2048w, https:\/\/roulottes.ch\/wp-content\/uploads\/2021\/06\/20210603_155054-500x375.jpg 500w, https:\/\/roulottes.ch\/wp-content\/uploads\/2021\/06\/20210603_155054-800x600.jpg 800w, https:\/\/roulottes.ch\/wp-content\/uploads\/2021\/06\/20210603_155054-1280x960.jpg 1280w, https:\/\/roulottes.ch\/wp-content\/uploads\/2021\/06\/20210603_155054-1920x1440.jpg 1920w, https:\/\/roulottes.ch\/wp-content\/uploads\/2021\/06\/20210603_155054-360x270.jpg 360w\" sizes=\"auto, (max-width: 1024px) 100vw, 1024px\" \/><figcaption class=\"wp-element-caption\">Diagonal-laufende Dachspitzkonstruktion auf der Bogendachkonstruktion.<\/figcaption><\/figure>\n\n\n<div class=\"wp-block-image\">\n<figure class=\"alignleft size-large\"><img loading=\"lazy\" decoding=\"async\" width=\"1456\" height=\"1455\" src=\"https:\/\/roulottes.ch\/wp-content\/uploads\/2026\/02\/20211208_121531-edited.jpg\" alt=\"\" class=\"wp-image-3005\" srcset=\"https:\/\/roulottes.ch\/wp-content\/uploads\/2026\/02\/20211208_121531-edited.jpg 1456w, https:\/\/roulottes.ch\/wp-content\/uploads\/2026\/02\/20211208_121531-edited-300x300.jpg 300w, https:\/\/roulottes.ch\/wp-content\/uploads\/2026\/02\/20211208_121531-edited-1024x1024.jpg 1024w, https:\/\/roulottes.ch\/wp-content\/uploads\/2026\/02\/20211208_121531-edited-150x150.jpg 150w, https:\/\/roulottes.ch\/wp-content\/uploads\/2026\/02\/20211208_121531-edited-768x767.jpg 768w, https:\/\/roulottes.ch\/wp-content\/uploads\/2026\/02\/20211208_121531-edited-500x500.jpg 500w, https:\/\/roulottes.ch\/wp-content\/uploads\/2026\/02\/20211208_121531-edited-800x799.jpg 800w, https:\/\/roulottes.ch\/wp-content\/uploads\/2026\/02\/20211208_121531-edited-1280x1279.jpg 1280w, https:\/\/roulottes.ch\/wp-content\/uploads\/2026\/02\/20211208_121531-edited-270x270.jpg 270w\" sizes=\"auto, (max-width: 1456px) 100vw, 1456px\" \/><figcaption class=\"wp-element-caption\">Genutete B\u00f6gen mit Dachf\u00fcllungen, so sind innen die B\u00f6gen sichtbar.<\/figcaption><\/figure>\n<\/div>\n\n\n<p>Alternativ zu den genuteten B\u00f6gen kann die Decke auch ganz mit Sperrholz ausgekleidet werden. Wahlweise kann dies mit Decklatten als Zierelemente erg\u00e4nzt werden um optisch die Bogenkonstruktion nachzuahmen.<\/p>\n\n\n\n<hr class=\"wp-block-separator has-alpha-channel-opacity\"\/>\n\n\n\n<h3 class=\"wp-block-heading has-text-align-left has-large-font-size\">Herstellung B\u00f6gen<\/h3>\n\n\n\n<p>Die B\u00f6gen f\u00fcr die Wagend\u00e4cher sind wie die Grundkonstruktion aus Esche. Diese werden aus drei durchgehenden Latten zu einem Bogen zusammengef\u00fcgt. So ist es m\u00f6glich B\u00f6gen mit einem kleinen Querschnitt zu fertigen, die sehr Stabil sind. Die Holzqualit\u00e4t f\u00fcr die Herstellung der B\u00f6gen ist von grosser Bedeutung. Aus diesem Grund w\u00e4hlen wir das Rundholz in der gew\u00fcnschten Qualit\u00e4t vor dem S\u00e4gen und lassen es nach unseren Anforderungen einschneiden.<\/p>\n\n\n\n<p class=\"has-text-align-left\">Es besteht die M\u00f6glichkeit f\u00fcr ein eigenes Wagenprojekt die Bogenrohlinge oder die fertigen B\u00f6gen zu bei uns zu beziehen.<\/p>\n\n\n\n<figure class=\"wp-block-image size-full\"><img loading=\"lazy\" decoding=\"async\" width=\"2560\" height=\"1920\" src=\"https:\/\/roulottes.ch\/wp-content\/uploads\/2026\/02\/20250311_104541.Bogen_Lager-scaled.jpg\" alt=\"\" class=\"wp-image-3042\" srcset=\"https:\/\/roulottes.ch\/wp-content\/uploads\/2026\/02\/20250311_104541.Bogen_Lager-scaled.jpg 2560w, https:\/\/roulottes.ch\/wp-content\/uploads\/2026\/02\/20250311_104541.Bogen_Lager-300x225.jpg 300w\" sizes=\"auto, (max-width: 2560px) 100vw, 2560px\" \/><figcaption class=\"wp-element-caption\">Bogen- und Formenlager<\/figcaption><\/figure>\n\n\n\n<figure class=\"wp-block-image size-large\"><img loading=\"lazy\" decoding=\"async\" width=\"1024\" height=\"576\" src=\"https:\/\/roulottes.ch\/wp-content\/uploads\/2026\/02\/showbiegen-243-1024x576.jpg\" alt=\"\" class=\"wp-image-3044\" srcset=\"https:\/\/roulottes.ch\/wp-content\/uploads\/2026\/02\/showbiegen-243-1024x576.jpg 1024w, https:\/\/roulottes.ch\/wp-content\/uploads\/2026\/02\/showbiegen-243-300x169.jpg 300w, https:\/\/roulottes.ch\/wp-content\/uploads\/2026\/02\/showbiegen-243-768x432.jpg 768w, https:\/\/roulottes.ch\/wp-content\/uploads\/2026\/02\/showbiegen-243-1536x864.jpg 1536w, https:\/\/roulottes.ch\/wp-content\/uploads\/2026\/02\/showbiegen-243-2048x1152.jpg 2048w, https:\/\/roulottes.ch\/wp-content\/uploads\/2026\/02\/showbiegen-243-500x281.jpg 500w, https:\/\/roulottes.ch\/wp-content\/uploads\/2026\/02\/showbiegen-243-800x450.jpg 800w, https:\/\/roulottes.ch\/wp-content\/uploads\/2026\/02\/showbiegen-243-1280x720.jpg 1280w, https:\/\/roulottes.ch\/wp-content\/uploads\/2026\/02\/showbiegen-243-1920x1080.jpg 1920w, https:\/\/roulottes.ch\/wp-content\/uploads\/2026\/02\/showbiegen-243-480x270.jpg 480w\" sizes=\"auto, (max-width: 1024px) 100vw, 1024px\" \/><figcaption class=\"wp-element-caption\">Biegevorgang<\/figcaption><\/figure>\n\n\n<div class=\"wp-block-image\">\n<figure class=\"alignleft size-large\"><img loading=\"lazy\" decoding=\"async\" width=\"768\" height=\"1024\" src=\"https:\/\/roulottes.ch\/wp-content\/uploads\/2026\/02\/20250311_104634.Bogen_Lager-768x1024.jpg\" alt=\"\" class=\"wp-image-3043\" srcset=\"https:\/\/roulottes.ch\/wp-content\/uploads\/2026\/02\/20250311_104634.Bogen_Lager-768x1024.jpg 768w, https:\/\/roulottes.ch\/wp-content\/uploads\/2026\/02\/20250311_104634.Bogen_Lager-225x300.jpg 225w, https:\/\/roulottes.ch\/wp-content\/uploads\/2026\/02\/20250311_104634.Bogen_Lager-1152x1536.jpg 1152w, https:\/\/roulottes.ch\/wp-content\/uploads\/2026\/02\/20250311_104634.Bogen_Lager-1536x2048.jpg 1536w, https:\/\/roulottes.ch\/wp-content\/uploads\/2026\/02\/20250311_104634.Bogen_Lager-500x667.jpg 500w, https:\/\/roulottes.ch\/wp-content\/uploads\/2026\/02\/20250311_104634.Bogen_Lager-800x1067.jpg 800w, https:\/\/roulottes.ch\/wp-content\/uploads\/2026\/02\/20250311_104634.Bogen_Lager-1280x1707.jpg 1280w, https:\/\/roulottes.ch\/wp-content\/uploads\/2026\/02\/20250311_104634.Bogen_Lager-scaled.jpg 1920w, https:\/\/roulottes.ch\/wp-content\/uploads\/2026\/02\/20250311_104634.Bogen_Lager-203x270.jpg 203w\" sizes=\"auto, (max-width: 768px) 100vw, 768px\" \/><figcaption class=\"wp-element-caption\">Rohe Stichb\u00f6gen<\/figcaption><\/figure>\n<\/div>\n\n\n<hr class=\"wp-block-separator has-alpha-channel-opacity\"\/>\n\n\n\n<h3 class=\"wp-block-heading has-text-align-left has-large-font-size\">Torsionstest<\/h3>\n\n\n\n<p>Ein Torsionstest bei einem 7m Wagen zum verdeutlichen wie flexibel die Konstruktion ist. <\/p>\n\n\n\n<figure class=\"wp-block-image size-large\"><img loading=\"lazy\" decoding=\"async\" width=\"1024\" height=\"768\" src=\"https:\/\/roulottes.ch\/wp-content\/uploads\/2023\/06\/IMG_0013-1024x768.jpg\" alt=\"\" class=\"wp-image-2003\" srcset=\"https:\/\/roulottes.ch\/wp-content\/uploads\/2023\/06\/IMG_0013-1024x768.jpg 1024w, https:\/\/roulottes.ch\/wp-content\/uploads\/2023\/06\/IMG_0013-300x225.jpg 300w, https:\/\/roulottes.ch\/wp-content\/uploads\/2023\/06\/IMG_0013-768x576.jpg 768w, https:\/\/roulottes.ch\/wp-content\/uploads\/2023\/06\/IMG_0013-1536x1152.jpg 1536w, https:\/\/roulottes.ch\/wp-content\/uploads\/2023\/06\/IMG_0013-2048x1536.jpg 2048w, https:\/\/roulottes.ch\/wp-content\/uploads\/2023\/06\/IMG_0013-500x375.jpg 500w, https:\/\/roulottes.ch\/wp-content\/uploads\/2023\/06\/IMG_0013-800x600.jpg 800w, https:\/\/roulottes.ch\/wp-content\/uploads\/2023\/06\/IMG_0013-1280x960.jpg 1280w, https:\/\/roulottes.ch\/wp-content\/uploads\/2023\/06\/IMG_0013-1920x1440.jpg 1920w, https:\/\/roulottes.ch\/wp-content\/uploads\/2023\/06\/IMG_0013-360x270.jpg 360w\" sizes=\"auto, (max-width: 1024px) 100vw, 1024px\" \/><\/figure>\n\n\n\n<hr class=\"wp-block-separator has-alpha-channel-opacity\"\/>\n\n\n\n<p><\/p>\n","protected":false},"excerpt":{"rendered":"<p>Chassis Das Chassis oder Fahrgestell kann occasion erworben, angepasst und aufbereitet werden oder neu auf Mass angefertigt werden. Bei online-K\u00e4ufen ist es ratsam das Chassis vorher zu besichtigen und zu begutachten ob es sich f\u00fcr den geplanten Aufbau eignet. Radstand, Breite\/L\u00e4nge\/H\u00f6he und Bremse spielen je nach Standort und Nutzung eine wichtige Rolle. Rahmen Wir achten grunds\u00e4tzlich darauf, dass die Konstruktion m\u00f6glichst stabil, leicht und flexibel ist. Deshalb verwenden wir f\u00fcr die Grundkonstruktion Eschenholz. Es ist langfaserig, hart, biegbar und dauerhaft&#8230;.<\/p>\n<p class=\"read-more\"><a class=\"btn btn-default\" href=\"https:\/\/roulottes.ch\/fr\/wagenbau\/grundkonstruktion\/\">Lire la suite<span class=\"screen-reader-text\"> Lire la suite<\/span><\/a><\/p>\n","protected":false},"author":1,"featured_media":0,"parent":3076,"menu_order":0,"comment_status":"closed","ping_status":"closed","template":"","meta":{"_themeisle_gutenberg_block_has_review":false,"_vp_format_video_url":"","_vp_image_focal_point":[],"footnotes":""},"class_list":["post-2937","page","type-page","status-publish","hentry"],"_links":{"self":[{"href":"https:\/\/roulottes.ch\/fr\/wp-json\/wp\/v2\/pages\/2937","targetHints":{"allow":["GET"]}}],"collection":[{"href":"https:\/\/roulottes.ch\/fr\/wp-json\/wp\/v2\/pages"}],"about":[{"href":"https:\/\/roulottes.ch\/fr\/wp-json\/wp\/v2\/types\/page"}],"author":[{"embeddable":true,"href":"https:\/\/roulottes.ch\/fr\/wp-json\/wp\/v2\/users\/1"}],"replies":[{"embeddable":true,"href":"https:\/\/roulottes.ch\/fr\/wp-json\/wp\/v2\/comments?post=2937"}],"version-history":[{"count":11,"href":"https:\/\/roulottes.ch\/fr\/wp-json\/wp\/v2\/pages\/2937\/revisions"}],"predecessor-version":[{"id":3156,"href":"https:\/\/roulottes.ch\/fr\/wp-json\/wp\/v2\/pages\/2937\/revisions\/3156"}],"up":[{"embeddable":true,"href":"https:\/\/roulottes.ch\/fr\/wp-json\/wp\/v2\/pages\/3076"}],"wp:attachment":[{"href":"https:\/\/roulottes.ch\/fr\/wp-json\/wp\/v2\/media?parent=2937"}],"curies":[{"name":"wp","href":"https:\/\/api.w.org\/{rel}","templated":true}]}}