{"id":2942,"date":"2026-02-27T08:59:17","date_gmt":"2026-02-27T07:59:17","guid":{"rendered":"https:\/\/roulottes.ch\/?page_id=2942"},"modified":"2026-03-17T10:21:52","modified_gmt":"2026-03-17T09:21:52","slug":"huelle","status":"publish","type":"page","link":"https:\/\/roulottes.ch\/fr\/wagenbau\/huelle\/","title":{"rendered":"Etappe || &#8211; H\u00fclle"},"content":{"rendered":"\n<h2 class=\"wp-block-heading has-text-align-left\">D\u00e4mmung<\/h2>\n\n\n\n<p>Die Grundkonstruktion wird beidseitig ver\u00adkleidet. Auf der Aussenseite erst mit einer Aussend\u00e4mmung, dann Hinterl\u00fcftung. Die Konstruktionsebene wird mit Holzfaserplatten oder Wolle (oder anderen nat\u00fcrlichen Isolationsmaterialien) ged\u00e4mmt.<\/p>\n\n\n\n<figure class=\"wp-block-image size-large\"><img loading=\"lazy\" decoding=\"async\" width=\"1024\" height=\"768\" src=\"https:\/\/roulottes.ch\/wp-content\/uploads\/2022\/04\/Dach-1024x768.jpeg\" alt=\"\" class=\"wp-image-1629\" srcset=\"https:\/\/roulottes.ch\/wp-content\/uploads\/2022\/04\/Dach-1024x768.jpeg 1024w, https:\/\/roulottes.ch\/wp-content\/uploads\/2022\/04\/Dach-300x225.jpeg 300w, https:\/\/roulottes.ch\/wp-content\/uploads\/2022\/04\/Dach-768x576.jpeg 768w, https:\/\/roulottes.ch\/wp-content\/uploads\/2022\/04\/Dach-1536x1152.jpeg 1536w, https:\/\/roulottes.ch\/wp-content\/uploads\/2022\/04\/Dach-2048x1536.jpeg 2048w, https:\/\/roulottes.ch\/wp-content\/uploads\/2022\/04\/Dach-500x375.jpeg 500w, https:\/\/roulottes.ch\/wp-content\/uploads\/2022\/04\/Dach-800x600.jpeg 800w, https:\/\/roulottes.ch\/wp-content\/uploads\/2022\/04\/Dach-1280x960.jpeg 1280w, https:\/\/roulottes.ch\/wp-content\/uploads\/2022\/04\/Dach-1920x1440.jpeg 1920w, https:\/\/roulottes.ch\/wp-content\/uploads\/2022\/04\/Dach-360x270.jpeg 360w\" sizes=\"auto, (max-width: 1024px) 100vw, 1024px\" \/><figcaption class=\"wp-element-caption\">Wagen mit Aussend\u00e4mmung und Hinterl\u00fcftung<\/figcaption><\/figure>\n\n\n\n<figure class=\"wp-block-image size-large\"><img loading=\"lazy\" decoding=\"async\" width=\"1024\" height=\"768\" src=\"https:\/\/roulottes.ch\/wp-content\/uploads\/2022\/04\/Boden-isoliert-1024x768.jpeg\" alt=\"\" class=\"wp-image-1628\" srcset=\"https:\/\/roulottes.ch\/wp-content\/uploads\/2022\/04\/Boden-isoliert-1024x768.jpeg 1024w, https:\/\/roulottes.ch\/wp-content\/uploads\/2022\/04\/Boden-isoliert-300x225.jpeg 300w, https:\/\/roulottes.ch\/wp-content\/uploads\/2022\/04\/Boden-isoliert-768x576.jpeg 768w, https:\/\/roulottes.ch\/wp-content\/uploads\/2022\/04\/Boden-isoliert-1536x1152.jpeg 1536w, https:\/\/roulottes.ch\/wp-content\/uploads\/2022\/04\/Boden-isoliert-2048x1536.jpeg 2048w, https:\/\/roulottes.ch\/wp-content\/uploads\/2022\/04\/Boden-isoliert-500x375.jpeg 500w, https:\/\/roulottes.ch\/wp-content\/uploads\/2022\/04\/Boden-isoliert-800x600.jpeg 800w, https:\/\/roulottes.ch\/wp-content\/uploads\/2022\/04\/Boden-isoliert-1280x960.jpeg 1280w, https:\/\/roulottes.ch\/wp-content\/uploads\/2022\/04\/Boden-isoliert-1920x1440.jpeg 1920w, https:\/\/roulottes.ch\/wp-content\/uploads\/2022\/04\/Boden-isoliert-360x270.jpeg 360w\" sizes=\"auto, (max-width: 1024px) 100vw, 1024px\" \/><figcaption class=\"wp-element-caption\">Bodend\u00e4mmung mit Holzfaserplatten<\/figcaption><\/figure>\n\n\n\n<hr class=\"wp-block-separator has-alpha-channel-opacity\"\/>\n\n\n\n<h2 class=\"wp-block-heading has-text-align-left\">Aussenschalung<\/h2>\n\n\n\n<p>Zu \u00e4usserst wird mit horizontalen Schalungsbrettern aus L\u00e4rche, Weisstanne, Fichte, Pappel, Eiche etc. verkleidet. Diese kann im s\u00e4ge-rohem Zustand belassen werden und dunkelt dann auf nat\u00fcrliche Weise nach. Sie kann auch geb\u00fcrstet oder gehobelt werden und anschliessend, ge\u00f6lt, mit Schlammfarbe o.\u00c4. gestrichen oder lasiert werden.<\/p>\n\n\n\n<figure class=\"wp-block-image size-large\"><img loading=\"lazy\" decoding=\"async\" width=\"1024\" height=\"683\" src=\"https:\/\/roulottes.ch\/wp-content\/uploads\/2025\/02\/230814_HOLZ_Dachaufrichte_0462-1-1024x683.jpg\" alt=\"\" class=\"wp-image-2522\" srcset=\"https:\/\/roulottes.ch\/wp-content\/uploads\/2025\/02\/230814_HOLZ_Dachaufrichte_0462-1-1024x683.jpg 1024w, https:\/\/roulottes.ch\/wp-content\/uploads\/2025\/02\/230814_HOLZ_Dachaufrichte_0462-1-300x200.jpg 300w, https:\/\/roulottes.ch\/wp-content\/uploads\/2025\/02\/230814_HOLZ_Dachaufrichte_0462-1-768x512.jpg 768w, https:\/\/roulottes.ch\/wp-content\/uploads\/2025\/02\/230814_HOLZ_Dachaufrichte_0462-1-1536x1024.jpg 1536w, https:\/\/roulottes.ch\/wp-content\/uploads\/2025\/02\/230814_HOLZ_Dachaufrichte_0462-1-2048x1365.jpg 2048w, https:\/\/roulottes.ch\/wp-content\/uploads\/2025\/02\/230814_HOLZ_Dachaufrichte_0462-1-500x333.jpg 500w, https:\/\/roulottes.ch\/wp-content\/uploads\/2025\/02\/230814_HOLZ_Dachaufrichte_0462-1-800x533.jpg 800w, https:\/\/roulottes.ch\/wp-content\/uploads\/2025\/02\/230814_HOLZ_Dachaufrichte_0462-1-1280x853.jpg 1280w, https:\/\/roulottes.ch\/wp-content\/uploads\/2025\/02\/230814_HOLZ_Dachaufrichte_0462-1-1920x1280.jpg 1920w, https:\/\/roulottes.ch\/wp-content\/uploads\/2025\/02\/230814_HOLZ_Dachaufrichte_0462-1-405x270.jpg 405w\" sizes=\"auto, (max-width: 1024px) 100vw, 1024px\" \/><figcaption class=\"wp-element-caption\">Weisstannenschalung mit Schlammfarbe. Diese besteht aus Erd- und Eisenoxidpigmenten, Lein\u00f6l-Stand\u00f6l, Roggenmehl, Lein\u00f6lseife, Wasser und Vitriol.<\/figcaption><\/figure>\n\n\n\n<figure class=\"wp-block-image size-large\"><img loading=\"lazy\" decoding=\"async\" width=\"1024\" height=\"768\" src=\"https:\/\/roulottes.ch\/wp-content\/uploads\/2019\/09\/DSC03510-1024x768.jpg\" alt=\"\" class=\"wp-image-880\" srcset=\"https:\/\/roulottes.ch\/wp-content\/uploads\/2019\/09\/DSC03510-1024x768.jpg 1024w, https:\/\/roulottes.ch\/wp-content\/uploads\/2019\/09\/DSC03510-300x225.jpg 300w, https:\/\/roulottes.ch\/wp-content\/uploads\/2019\/09\/DSC03510-768x576.jpg 768w, https:\/\/roulottes.ch\/wp-content\/uploads\/2019\/09\/DSC03510-1200x900.jpg 1200w\" sizes=\"auto, (max-width: 1024px) 100vw, 1024px\" \/><figcaption class=\"wp-element-caption\">Detail Eichen- Einfassungen Unten und an den Ecken. Schalung gestrichen mit Schlammfarbe.<\/figcaption><\/figure>\n\n\n\n<figure class=\"wp-block-image size-large\"><img loading=\"lazy\" decoding=\"async\" width=\"1024\" height=\"576\" src=\"https:\/\/roulottes.ch\/wp-content\/uploads\/2026\/02\/20240824_192038.Wagen_Katja_Thalheim-1024x576.jpg\" alt=\"\" class=\"wp-image-3031\" srcset=\"https:\/\/roulottes.ch\/wp-content\/uploads\/2026\/02\/20240824_192038.Wagen_Katja_Thalheim-1024x576.jpg 1024w, https:\/\/roulottes.ch\/wp-content\/uploads\/2026\/02\/20240824_192038.Wagen_Katja_Thalheim-300x169.jpg 300w, https:\/\/roulottes.ch\/wp-content\/uploads\/2026\/02\/20240824_192038.Wagen_Katja_Thalheim-768x432.jpg 768w, https:\/\/roulottes.ch\/wp-content\/uploads\/2026\/02\/20240824_192038.Wagen_Katja_Thalheim-1536x864.jpg 1536w, https:\/\/roulottes.ch\/wp-content\/uploads\/2026\/02\/20240824_192038.Wagen_Katja_Thalheim-2048x1152.jpg 2048w, https:\/\/roulottes.ch\/wp-content\/uploads\/2026\/02\/20240824_192038.Wagen_Katja_Thalheim-500x281.jpg 500w, https:\/\/roulottes.ch\/wp-content\/uploads\/2026\/02\/20240824_192038.Wagen_Katja_Thalheim-800x450.jpg 800w, https:\/\/roulottes.ch\/wp-content\/uploads\/2026\/02\/20240824_192038.Wagen_Katja_Thalheim-1280x720.jpg 1280w, https:\/\/roulottes.ch\/wp-content\/uploads\/2026\/02\/20240824_192038.Wagen_Katja_Thalheim-1920x1080.jpg 1920w, https:\/\/roulottes.ch\/wp-content\/uploads\/2026\/02\/20240824_192038.Wagen_Katja_Thalheim-480x270.jpg 480w\" sizes=\"auto, (max-width: 1024px) 100vw, 1024px\" \/><figcaption class=\"wp-element-caption\">Tannenschalung s\u00e4geroh nach 3 Jahren Sonneneinstrahlung.<\/figcaption><\/figure>\n\n\n\n<hr class=\"wp-block-separator has-alpha-channel-opacity\"\/>\n\n\n\n<h2 class=\"wp-block-heading has-text-align-left\">Dach<\/h2>\n\n\n\n<p>Metallarbeiten werden von unserem &#8220;Hausspengler&#8221; Julian Scheiwiller erledigt. Er fertigt D\u00e4cher aus Blech oder Kupfer und kann diese auch diversen Sonderanfertigungen anpassen.<\/p>\n\n\n\n<figure class=\"wp-block-image size-large\"><img loading=\"lazy\" decoding=\"async\" width=\"1024\" height=\"825\" src=\"https:\/\/roulottes.ch\/wp-content\/uploads\/2022\/04\/20220124_161705-scaled-e1740428519898-1024x825.jpeg\" alt=\"\" class=\"wp-image-1652\" srcset=\"https:\/\/roulottes.ch\/wp-content\/uploads\/2022\/04\/20220124_161705-scaled-e1740428519898-1024x825.jpeg 1024w, https:\/\/roulottes.ch\/wp-content\/uploads\/2022\/04\/20220124_161705-scaled-e1740428519898-300x242.jpeg 300w, https:\/\/roulottes.ch\/wp-content\/uploads\/2022\/04\/20220124_161705-scaled-e1740428519898-768x619.jpeg 768w, https:\/\/roulottes.ch\/wp-content\/uploads\/2022\/04\/20220124_161705-scaled-e1740428519898-1536x1237.jpeg 1536w, https:\/\/roulottes.ch\/wp-content\/uploads\/2022\/04\/20220124_161705-scaled-e1740428519898-500x403.jpeg 500w, https:\/\/roulottes.ch\/wp-content\/uploads\/2022\/04\/20220124_161705-scaled-e1740428519898-800x644.jpeg 800w, https:\/\/roulottes.ch\/wp-content\/uploads\/2022\/04\/20220124_161705-scaled-e1740428519898-1280x1031.jpeg 1280w, https:\/\/roulottes.ch\/wp-content\/uploads\/2022\/04\/20220124_161705-scaled-e1740428519898-335x270.jpeg 335w, https:\/\/roulottes.ch\/wp-content\/uploads\/2022\/04\/20220124_161705-scaled-e1740428519898.jpeg 1788w\" sizes=\"auto, (max-width: 1024px) 100vw, 1024px\" \/><\/figure>\n\n\n\n<figure class=\"wp-block-image size-large\"><img loading=\"lazy\" decoding=\"async\" width=\"1024\" height=\"683\" src=\"https:\/\/roulottes.ch\/wp-content\/uploads\/2025\/03\/2025_0222_17004000smol-1024x683.jpg\" alt=\"\" class=\"wp-image-2599\" srcset=\"https:\/\/roulottes.ch\/wp-content\/uploads\/2025\/03\/2025_0222_17004000smol-1024x683.jpg 1024w, https:\/\/roulottes.ch\/wp-content\/uploads\/2025\/03\/2025_0222_17004000smol-300x200.jpg 300w, https:\/\/roulottes.ch\/wp-content\/uploads\/2025\/03\/2025_0222_17004000smol-768x512.jpg 768w, https:\/\/roulottes.ch\/wp-content\/uploads\/2025\/03\/2025_0222_17004000smol-1536x1024.jpg 1536w, https:\/\/roulottes.ch\/wp-content\/uploads\/2025\/03\/2025_0222_17004000smol-2048x1365.jpg 2048w, https:\/\/roulottes.ch\/wp-content\/uploads\/2025\/03\/2025_0222_17004000smol-500x333.jpg 500w, https:\/\/roulottes.ch\/wp-content\/uploads\/2025\/03\/2025_0222_17004000smol-800x533.jpg 800w, https:\/\/roulottes.ch\/wp-content\/uploads\/2025\/03\/2025_0222_17004000smol-1280x853.jpg 1280w\" sizes=\"auto, (max-width: 1024px) 100vw, 1024px\" \/><figcaption class=\"wp-element-caption\">Kupferdach bei Oberlichtwagen<\/figcaption><\/figure>\n\n\n\n<figure class=\"wp-block-image size-large\"><img loading=\"lazy\" decoding=\"async\" width=\"1024\" height=\"576\" src=\"https:\/\/roulottes.ch\/wp-content\/uploads\/2023\/05\/20220630_191050-1024x576.jpg\" alt=\"\" class=\"wp-image-1932\" srcset=\"https:\/\/roulottes.ch\/wp-content\/uploads\/2023\/05\/20220630_191050-1024x576.jpg 1024w, https:\/\/roulottes.ch\/wp-content\/uploads\/2023\/05\/20220630_191050-300x169.jpg 300w, https:\/\/roulottes.ch\/wp-content\/uploads\/2023\/05\/20220630_191050-768x432.jpg 768w, https:\/\/roulottes.ch\/wp-content\/uploads\/2023\/05\/20220630_191050-1536x864.jpg 1536w, https:\/\/roulottes.ch\/wp-content\/uploads\/2023\/05\/20220630_191050-2048x1152.jpg 2048w, https:\/\/roulottes.ch\/wp-content\/uploads\/2023\/05\/20220630_191050-500x281.jpg 500w, https:\/\/roulottes.ch\/wp-content\/uploads\/2023\/05\/20220630_191050-800x450.jpg 800w, https:\/\/roulottes.ch\/wp-content\/uploads\/2023\/05\/20220630_191050-1280x720.jpg 1280w, https:\/\/roulottes.ch\/wp-content\/uploads\/2023\/05\/20220630_191050-1920x1080.jpg 1920w, https:\/\/roulottes.ch\/wp-content\/uploads\/2023\/05\/20220630_191050-480x270.jpg 480w\" sizes=\"auto, (max-width: 1024px) 100vw, 1024px\" \/><figcaption class=\"wp-element-caption\">Halterungen f\u00fcr Solaranlagen k\u00f6nnen auch geplant und umgesetzt werden wie auf diesem Stichbogendach aus Uginox.<\/figcaption><\/figure>\n\n\n\n<figure class=\"wp-block-image\"><img loading=\"lazy\" decoding=\"async\" width=\"1024\" height=\"768\" src=\"http:\/\/roulottes.ch\/wp-content\/uploads\/2019\/09\/DSC03497-1024x768.jpg\" alt=\"\" class=\"wp-image-875\" srcset=\"https:\/\/roulottes.ch\/wp-content\/uploads\/2019\/09\/DSC03497-1024x768.jpg 1024w, https:\/\/roulottes.ch\/wp-content\/uploads\/2019\/09\/DSC03497-300x225.jpg 300w, https:\/\/roulottes.ch\/wp-content\/uploads\/2019\/09\/DSC03497-768x576.jpg 768w, https:\/\/roulottes.ch\/wp-content\/uploads\/2019\/09\/DSC03497-1200x900.jpg 1200w\" sizes=\"auto, (max-width: 1024px) 100vw, 1024px\" \/><figcaption class=\"wp-element-caption\">Dach mit Uginox-Blech<\/figcaption><\/figure>\n\n\n\n<figure class=\"wp-block-image size-large\"><img loading=\"lazy\" decoding=\"async\" width=\"1024\" height=\"576\" src=\"https:\/\/roulottes.ch\/wp-content\/uploads\/2026\/02\/20240712_145202-1024x576.jpg\" alt=\"\" class=\"wp-image-3014\" srcset=\"https:\/\/roulottes.ch\/wp-content\/uploads\/2026\/02\/20240712_145202-1024x576.jpg 1024w, https:\/\/roulottes.ch\/wp-content\/uploads\/2026\/02\/20240712_145202-300x169.jpg 300w, https:\/\/roulottes.ch\/wp-content\/uploads\/2026\/02\/20240712_145202-768x432.jpg 768w, https:\/\/roulottes.ch\/wp-content\/uploads\/2026\/02\/20240712_145202-1536x864.jpg 1536w, https:\/\/roulottes.ch\/wp-content\/uploads\/2026\/02\/20240712_145202-2048x1152.jpg 2048w, https:\/\/roulottes.ch\/wp-content\/uploads\/2026\/02\/20240712_145202-500x281.jpg 500w, https:\/\/roulottes.ch\/wp-content\/uploads\/2026\/02\/20240712_145202-800x450.jpg 800w, https:\/\/roulottes.ch\/wp-content\/uploads\/2026\/02\/20240712_145202-1280x720.jpg 1280w, https:\/\/roulottes.ch\/wp-content\/uploads\/2026\/02\/20240712_145202-1920x1080.jpg 1920w, https:\/\/roulottes.ch\/wp-content\/uploads\/2026\/02\/20240712_145202-480x270.jpg 480w\" sizes=\"auto, (max-width: 1024px) 100vw, 1024px\" \/><figcaption class=\"wp-element-caption\">Erg\u00e4nzungen an einem bestehenden Kupferdach. Es werden, wo m\u00f6glich und Sinnvoll, Bauteile rezykliert.<\/figcaption><\/figure>\n\n\n\n<hr class=\"wp-block-separator has-alpha-channel-opacity\"\/>\n\n\n\n<h2 class=\"wp-block-heading has-text-align-left\">Fenster &#038; T\u00fcren<\/h2>\n\n\n\n<p>Fenster und T\u00fcren werden je nach Wunsch auf Mass angefertigt. Ebenfalls m\u00f6glich ist es bestehende Fenster zu verwenden (die Konstruktion wird indem Fall der Fenstergr\u00f6sse angepasst). <br>Fenster und T\u00fcren sind aus Platzgr\u00fcnden und wegen Dichtigkeit in allen F\u00e4llen ausw\u00e4rts \u00f6ffnend.<\/p>\n\n\n\n<figure class=\"wp-block-image size-full\"><img decoding=\"async\" src=\"https:\/\/roulottes.ch\/wp-content\/uploads\/2026\/02\/20240926_143632.Wagen_Katarina_Fries.jpg\" alt=\"\" class=\"wp-image-3024\"\/><\/figure>\n\n\n<div class=\"wp-block-image\">\n<figure class=\"aligncenter size-large\"><img loading=\"lazy\" decoding=\"async\" width=\"576\" height=\"1024\" src=\"https:\/\/roulottes.ch\/wp-content\/uploads\/2026\/02\/20240926_143612.Wagen_Katarina_Fries-576x1024.jpg\" alt=\"\" class=\"wp-image-3023\" srcset=\"https:\/\/roulottes.ch\/wp-content\/uploads\/2026\/02\/20240926_143612.Wagen_Katarina_Fries-576x1024.jpg 576w, https:\/\/roulottes.ch\/wp-content\/uploads\/2026\/02\/20240926_143612.Wagen_Katarina_Fries-169x300.jpg 169w, https:\/\/roulottes.ch\/wp-content\/uploads\/2026\/02\/20240926_143612.Wagen_Katarina_Fries-768x1365.jpg 768w, https:\/\/roulottes.ch\/wp-content\/uploads\/2026\/02\/20240926_143612.Wagen_Katarina_Fries-864x1536.jpg 864w, https:\/\/roulottes.ch\/wp-content\/uploads\/2026\/02\/20240926_143612.Wagen_Katarina_Fries-1152x2048.jpg 1152w, https:\/\/roulottes.ch\/wp-content\/uploads\/2026\/02\/20240926_143612.Wagen_Katarina_Fries-500x889.jpg 500w, https:\/\/roulottes.ch\/wp-content\/uploads\/2026\/02\/20240926_143612.Wagen_Katarina_Fries-800x1422.jpg 800w, https:\/\/roulottes.ch\/wp-content\/uploads\/2026\/02\/20240926_143612.Wagen_Katarina_Fries-1280x2276.jpg 1280w, https:\/\/roulottes.ch\/wp-content\/uploads\/2026\/02\/20240926_143612.Wagen_Katarina_Fries-1920x3413.jpg 1920w, https:\/\/roulottes.ch\/wp-content\/uploads\/2026\/02\/20240926_143612.Wagen_Katarina_Fries-152x270.jpg 152w, https:\/\/roulottes.ch\/wp-content\/uploads\/2026\/02\/20240926_143612.Wagen_Katarina_Fries-scaled.jpg 1440w\" sizes=\"auto, (max-width: 576px) 100vw, 576px\" \/><\/figure>\n<\/div>\n\n\n<figure class=\"wp-block-image size-large is-resized\"><img loading=\"lazy\" decoding=\"async\" width=\"744\" height=\"1024\" src=\"https:\/\/roulottes.ch\/wp-content\/uploads\/2025\/02\/20211027_104954-744x1024.jpg\" alt=\"\" class=\"wp-image-2433\" style=\"width:840px;height:auto\" srcset=\"https:\/\/roulottes.ch\/wp-content\/uploads\/2025\/02\/20211027_104954-744x1024.jpg 744w, https:\/\/roulottes.ch\/wp-content\/uploads\/2025\/02\/20211027_104954-218x300.jpg 218w, https:\/\/roulottes.ch\/wp-content\/uploads\/2025\/02\/20211027_104954-768x1057.jpg 768w, https:\/\/roulottes.ch\/wp-content\/uploads\/2025\/02\/20211027_104954-1116x1536.jpg 1116w, https:\/\/roulottes.ch\/wp-content\/uploads\/2025\/02\/20211027_104954-1488x2048.jpg 1488w, https:\/\/roulottes.ch\/wp-content\/uploads\/2025\/02\/20211027_104954-500x688.jpg 500w, https:\/\/roulottes.ch\/wp-content\/uploads\/2025\/02\/20211027_104954-800x1101.jpg 800w, https:\/\/roulottes.ch\/wp-content\/uploads\/2025\/02\/20211027_104954-1280x1762.jpg 1280w, https:\/\/roulottes.ch\/wp-content\/uploads\/2025\/02\/20211027_104954-1920x2643.jpg 1920w, https:\/\/roulottes.ch\/wp-content\/uploads\/2025\/02\/20211027_104954-196x270.jpg 196w, https:\/\/roulottes.ch\/wp-content\/uploads\/2025\/02\/20211027_104954-scaled.jpg 1860w\" sizes=\"auto, (max-width: 744px) 100vw, 744px\" \/><figcaption class=\"wp-element-caption\">Bullauge, fix verglast. Schalung L\u00e4rche s\u00e4geroh, Einfassungen Eiche s\u00e4geroh.<\/figcaption><\/figure>\n\n\n\n<figure class=\"wp-block-image\"><img decoding=\"async\" src=\"http:\/\/roulottes.ch\/wp-content\/uploads\/2019\/08\/P6244089-e1565699004493-856x1024.jpg\" alt=\"\" class=\"wp-image-766\"\/><figcaption class=\"wp-element-caption\">Schalung s\u00e4geroh. Fenster aus L\u00e4rche, ge\u00f6lt, rund, fix verglast.<\/figcaption><\/figure>\n\n\n\n<hr class=\"wp-block-separator has-alpha-channel-opacity\"\/>\n\n\n\n<h2 class=\"wp-block-heading has-text-align-left\">Innenverkleidung<\/h2>\n\n\n\n<p> Die W\u00e4nde auf der Innenseite werden mit Sperrholz (z.B. Birke, Kiefer FSC), der Boden mit Blindboden und Parkett oder mit \u00adRiemen verkleidet. <\/p>\n\n\n\n<figure class=\"wp-block-image size-large\"><img loading=\"lazy\" decoding=\"async\" width=\"1024\" height=\"683\" src=\"https:\/\/roulottes.ch\/wp-content\/uploads\/2026\/02\/0074-Kopie-1024x683.jpg\" alt=\"\" class=\"wp-image-3021\" srcset=\"https:\/\/roulottes.ch\/wp-content\/uploads\/2026\/02\/0074-Kopie-1024x683.jpg 1024w, https:\/\/roulottes.ch\/wp-content\/uploads\/2026\/02\/0074-Kopie-300x200.jpg 300w, https:\/\/roulottes.ch\/wp-content\/uploads\/2026\/02\/0074-Kopie-768x512.jpg 768w\" sizes=\"auto, (max-width: 1024px) 100vw, 1024px\" \/><figcaption class=\"wp-element-caption\">Verkleidung im Schlafraum mit Pappelsperrholz. Doppelter Boden mit Stauraum aus Erle.<\/figcaption><\/figure>\n\n\n<div class=\"wp-block-image\">\n<figure class=\"aligncenter size-large\"><img loading=\"lazy\" decoding=\"async\" width=\"576\" height=\"1024\" src=\"https:\/\/roulottes.ch\/wp-content\/uploads\/2021\/08\/20210630_132709-576x1024.jpg\" alt=\"\" class=\"wp-image-1494\" srcset=\"https:\/\/roulottes.ch\/wp-content\/uploads\/2021\/08\/20210630_132709-576x1024.jpg 576w, https:\/\/roulottes.ch\/wp-content\/uploads\/2021\/08\/20210630_132709-169x300.jpg 169w, https:\/\/roulottes.ch\/wp-content\/uploads\/2021\/08\/20210630_132709-768x1365.jpg 768w, https:\/\/roulottes.ch\/wp-content\/uploads\/2021\/08\/20210630_132709-864x1536.jpg 864w, https:\/\/roulottes.ch\/wp-content\/uploads\/2021\/08\/20210630_132709-1152x2048.jpg 1152w, https:\/\/roulottes.ch\/wp-content\/uploads\/2021\/08\/20210630_132709-500x889.jpg 500w, https:\/\/roulottes.ch\/wp-content\/uploads\/2021\/08\/20210630_132709-800x1422.jpg 800w, https:\/\/roulottes.ch\/wp-content\/uploads\/2021\/08\/20210630_132709-1280x2276.jpg 1280w, https:\/\/roulottes.ch\/wp-content\/uploads\/2021\/08\/20210630_132709-152x270.jpg 152w, https:\/\/roulottes.ch\/wp-content\/uploads\/2021\/08\/20210630_132709-scaled.jpg 1440w\" sizes=\"auto, (max-width: 576px) 100vw, 576px\" \/><figcaption class=\"wp-element-caption\">Innenverkleidung aus Pappel im Rohzustand. Bodenriemen aus Erle<\/figcaption><\/figure>\n<\/div>\n\n\n<hr class=\"wp-block-separator has-alpha-channel-opacity\"\/>\n","protected":false},"excerpt":{"rendered":"<p>D\u00e4mmung Die Grundkonstruktion wird beidseitig ver\u00adkleidet. Auf der Aussenseite erst mit einer Aussend\u00e4mmung, dann Hinterl\u00fcftung. Die Konstruktionsebene wird mit Holzfaserplatten oder Wolle (oder anderen nat\u00fcrlichen Isolationsmaterialien) ged\u00e4mmt. Aussenschalung Zu \u00e4usserst wird mit horizontalen Schalungsbrettern aus L\u00e4rche, Weisstanne, Fichte, Pappel, Eiche etc. verkleidet. Diese kann im s\u00e4ge-rohem Zustand belassen werden und dunkelt dann auf nat\u00fcrliche Weise nach. Sie kann auch geb\u00fcrstet oder gehobelt werden und anschliessend, ge\u00f6lt, mit Schlammfarbe o.\u00c4. gestrichen oder lasiert werden. Dach Metallarbeiten werden von unserem &#8220;Hausspengler&#8221; Julian&#8230;<\/p>\n<p class=\"read-more\"><a class=\"btn btn-default\" href=\"https:\/\/roulottes.ch\/fr\/wagenbau\/huelle\/\">Lire la suite<span class=\"screen-reader-text\"> Lire la suite<\/span><\/a><\/p>\n","protected":false},"author":1,"featured_media":0,"parent":3076,"menu_order":0,"comment_status":"closed","ping_status":"closed","template":"","meta":{"_themeisle_gutenberg_block_has_review":false,"_vp_format_video_url":"","_vp_image_focal_point":[],"footnotes":""},"class_list":["post-2942","page","type-page","status-publish","hentry"],"_links":{"self":[{"href":"https:\/\/roulottes.ch\/fr\/wp-json\/wp\/v2\/pages\/2942","targetHints":{"allow":["GET"]}}],"collection":[{"href":"https:\/\/roulottes.ch\/fr\/wp-json\/wp\/v2\/pages"}],"about":[{"href":"https:\/\/roulottes.ch\/fr\/wp-json\/wp\/v2\/types\/page"}],"author":[{"embeddable":true,"href":"https:\/\/roulottes.ch\/fr\/wp-json\/wp\/v2\/users\/1"}],"replies":[{"embeddable":true,"href":"https:\/\/roulottes.ch\/fr\/wp-json\/wp\/v2\/comments?post=2942"}],"version-history":[{"count":17,"href":"https:\/\/roulottes.ch\/fr\/wp-json\/wp\/v2\/pages\/2942\/revisions"}],"predecessor-version":[{"id":3176,"href":"https:\/\/roulottes.ch\/fr\/wp-json\/wp\/v2\/pages\/2942\/revisions\/3176"}],"up":[{"embeddable":true,"href":"https:\/\/roulottes.ch\/fr\/wp-json\/wp\/v2\/pages\/3076"}],"wp:attachment":[{"href":"https:\/\/roulottes.ch\/fr\/wp-json\/wp\/v2\/media?parent=2942"}],"curies":[{"name":"wp","href":"https:\/\/api.w.org\/{rel}","templated":true}]}}