{"id":2954,"date":"2026-02-27T09:11:51","date_gmt":"2026-02-27T08:11:51","guid":{"rendered":"https:\/\/roulottes.ch\/?page_id=2954"},"modified":"2026-03-17T10:23:44","modified_gmt":"2026-03-17T09:23:44","slug":"massanfertigungen","status":"publish","type":"page","link":"https:\/\/roulottes.ch\/fr\/schreinerei\/massanfertigungen\/","title":{"rendered":"Massanfertigungen"},"content":{"rendered":"\n<p>Wir fertigen neben Wagen und deren Innenausstattungen auch jegliche Massanfertigungen aus Holz her.<\/p>\n\n\n\n<figure class=\"wp-block-image size-large\"><img loading=\"lazy\" decoding=\"async\" width=\"1024\" height=\"576\" src=\"https:\/\/roulottes.ch\/wp-content\/uploads\/2026\/02\/20250109_155451-1024x576.jpg\" alt=\"\" class=\"wp-image-3046\" srcset=\"https:\/\/roulottes.ch\/wp-content\/uploads\/2026\/02\/20250109_155451-1024x576.jpg 1024w, https:\/\/roulottes.ch\/wp-content\/uploads\/2026\/02\/20250109_155451-300x169.jpg 300w, https:\/\/roulottes.ch\/wp-content\/uploads\/2026\/02\/20250109_155451-768x432.jpg 768w, https:\/\/roulottes.ch\/wp-content\/uploads\/2026\/02\/20250109_155451-1536x864.jpg 1536w, https:\/\/roulottes.ch\/wp-content\/uploads\/2026\/02\/20250109_155451-2048x1152.jpg 2048w, https:\/\/roulottes.ch\/wp-content\/uploads\/2026\/02\/20250109_155451-500x281.jpg 500w, https:\/\/roulottes.ch\/wp-content\/uploads\/2026\/02\/20250109_155451-800x450.jpg 800w, https:\/\/roulottes.ch\/wp-content\/uploads\/2026\/02\/20250109_155451-1280x720.jpg 1280w, https:\/\/roulottes.ch\/wp-content\/uploads\/2026\/02\/20250109_155451-1920x1080.jpg 1920w, https:\/\/roulottes.ch\/wp-content\/uploads\/2026\/02\/20250109_155451-480x270.jpg 480w\" sizes=\"auto, (max-width: 1024px) 100vw, 1024px\" \/><\/figure>\n\n\n\n<div style=\"height:100px\" aria-hidden=\"true\" class=\"wp-block-spacer\"><\/div>\n\n\n\n<h2 class=\"wp-block-heading\">Einbauk\u00fcche &#8211; Genossenschaft Buntspecht<\/h2>\n\n\n\n<p>K\u00fcchenzeile, Eckregal, K\u00fchlschrankkorpus und Korpus, alle aus wiederverwertetem, beschichtetem Sperrholz mit Eschenholzanleimer. Tops aus <em>Richlite, made with paper.<\/em> <\/p>\n\n\n\n<figure class=\"wp-block-gallery has-nested-images columns-3 is-cropped wp-block-gallery-1 is-layout-flex wp-block-gallery-is-layout-flex\">\n<figure class=\"wp-block-image size-large\"><img loading=\"lazy\" decoding=\"async\" width=\"576\" height=\"1024\" data-id=\"2620\" src=\"https:\/\/roulottes.ch\/wp-content\/uploads\/2025\/03\/Kueche-Thalheim77-1-576x1024.jpg\" alt=\"\" class=\"wp-image-2620\" srcset=\"https:\/\/roulottes.ch\/wp-content\/uploads\/2025\/03\/Kueche-Thalheim77-1-576x1024.jpg 576w, https:\/\/roulottes.ch\/wp-content\/uploads\/2025\/03\/Kueche-Thalheim77-1-169x300.jpg 169w, https:\/\/roulottes.ch\/wp-content\/uploads\/2025\/03\/Kueche-Thalheim77-1-768x1365.jpg 768w, https:\/\/roulottes.ch\/wp-content\/uploads\/2025\/03\/Kueche-Thalheim77-1-864x1536.jpg 864w, https:\/\/roulottes.ch\/wp-content\/uploads\/2025\/03\/Kueche-Thalheim77-1-1152x2048.jpg 1152w, https:\/\/roulottes.ch\/wp-content\/uploads\/2025\/03\/Kueche-Thalheim77-1-500x889.jpg 500w, https:\/\/roulottes.ch\/wp-content\/uploads\/2025\/03\/Kueche-Thalheim77-1-800x1422.jpg 800w, https:\/\/roulottes.ch\/wp-content\/uploads\/2025\/03\/Kueche-Thalheim77-1-1280x2276.jpg 1280w, https:\/\/roulottes.ch\/wp-content\/uploads\/2025\/03\/Kueche-Thalheim77-1-152x270.jpg 152w, https:\/\/roulottes.ch\/wp-content\/uploads\/2025\/03\/Kueche-Thalheim77-1-scaled.jpg 1440w\" sizes=\"auto, (max-width: 576px) 100vw, 576px\" \/><\/figure>\n\n\n\n<figure class=\"wp-block-image size-large\"><img loading=\"lazy\" decoding=\"async\" width=\"576\" height=\"1024\" data-id=\"2619\" src=\"https:\/\/roulottes.ch\/wp-content\/uploads\/2025\/03\/Kueche-Thalheim60-2-576x1024.jpg\" alt=\"\" class=\"wp-image-2619\" srcset=\"https:\/\/roulottes.ch\/wp-content\/uploads\/2025\/03\/Kueche-Thalheim60-2-576x1024.jpg 576w, https:\/\/roulottes.ch\/wp-content\/uploads\/2025\/03\/Kueche-Thalheim60-2-169x300.jpg 169w, https:\/\/roulottes.ch\/wp-content\/uploads\/2025\/03\/Kueche-Thalheim60-2-768x1365.jpg 768w, https:\/\/roulottes.ch\/wp-content\/uploads\/2025\/03\/Kueche-Thalheim60-2-864x1536.jpg 864w, https:\/\/roulottes.ch\/wp-content\/uploads\/2025\/03\/Kueche-Thalheim60-2-1152x2048.jpg 1152w, https:\/\/roulottes.ch\/wp-content\/uploads\/2025\/03\/Kueche-Thalheim60-2-500x889.jpg 500w, https:\/\/roulottes.ch\/wp-content\/uploads\/2025\/03\/Kueche-Thalheim60-2-800x1422.jpg 800w, https:\/\/roulottes.ch\/wp-content\/uploads\/2025\/03\/Kueche-Thalheim60-2-1280x2276.jpg 1280w, https:\/\/roulottes.ch\/wp-content\/uploads\/2025\/03\/Kueche-Thalheim60-2-1920x3413.jpg 1920w, https:\/\/roulottes.ch\/wp-content\/uploads\/2025\/03\/Kueche-Thalheim60-2-152x270.jpg 152w, https:\/\/roulottes.ch\/wp-content\/uploads\/2025\/03\/Kueche-Thalheim60-2-scaled.jpg 1440w\" sizes=\"auto, (max-width: 576px) 100vw, 576px\" \/><\/figure>\n\n\n\n<figure class=\"wp-block-image size-large\"><img loading=\"lazy\" decoding=\"async\" width=\"576\" height=\"1024\" data-id=\"2610\" src=\"https:\/\/roulottes.ch\/wp-content\/uploads\/2025\/03\/Kueche-Thalheim54-576x1024.jpg\" alt=\"\" class=\"wp-image-2610\" srcset=\"https:\/\/roulottes.ch\/wp-content\/uploads\/2025\/03\/Kueche-Thalheim54-576x1024.jpg 576w, https:\/\/roulottes.ch\/wp-content\/uploads\/2025\/03\/Kueche-Thalheim54-169x300.jpg 169w, https:\/\/roulottes.ch\/wp-content\/uploads\/2025\/03\/Kueche-Thalheim54-768x1365.jpg 768w, https:\/\/roulottes.ch\/wp-content\/uploads\/2025\/03\/Kueche-Thalheim54-864x1536.jpg 864w, https:\/\/roulottes.ch\/wp-content\/uploads\/2025\/03\/Kueche-Thalheim54-1152x2048.jpg 1152w, https:\/\/roulottes.ch\/wp-content\/uploads\/2025\/03\/Kueche-Thalheim54-500x889.jpg 500w, https:\/\/roulottes.ch\/wp-content\/uploads\/2025\/03\/Kueche-Thalheim54-800x1422.jpg 800w, https:\/\/roulottes.ch\/wp-content\/uploads\/2025\/03\/Kueche-Thalheim54-1280x2276.jpg 1280w, https:\/\/roulottes.ch\/wp-content\/uploads\/2025\/03\/Kueche-Thalheim54-152x270.jpg 152w, https:\/\/roulottes.ch\/wp-content\/uploads\/2025\/03\/Kueche-Thalheim54-scaled.jpg 1440w\" sizes=\"auto, (max-width: 576px) 100vw, 576px\" \/><\/figure>\n\n\n\n<figure class=\"wp-block-image size-large\"><img decoding=\"async\" data-id=\"2621\" src=\"https:\/\/roulottes.ch\/wp-content\/uploads\/2025\/03\/Kueche-Thalheim58-1.jpg\" alt=\"\" class=\"wp-image-2621\"\/><\/figure>\n<\/figure>\n\n\n\n<div style=\"height:100px\" aria-hidden=\"true\" class=\"wp-block-spacer\"><\/div>\n\n\n\n<h2 class=\"wp-block-heading\">Mobile Weinbar f\u00fcr Degustationen &#8211; Cantina Cavallini, Tessin <\/h2>\n\n\n\n<p>Weinbar mobil auf zwei Rollen. Griffe schnell demontierbar. Korpus ged\u00e4mmt und abgedichtet, innen Sperrholz Pappel, aussen Eiche gehobelt und ge\u00f6lt. Abschliessbar mit Zahlenschloss.<\/p>\n\n\n\n<figure class=\"wp-block-gallery has-nested-images columns-2 is-cropped wp-block-gallery-2 is-layout-flex wp-block-gallery-is-layout-flex\">\n<figure class=\"wp-block-image size-large\"><img loading=\"lazy\" decoding=\"async\" width=\"782\" height=\"1024\" data-id=\"3049\" src=\"https:\/\/roulottes.ch\/wp-content\/uploads\/2026\/02\/2025_0419_14371100-1-782x1024.jpg\" alt=\"\" class=\"wp-image-3049\" style=\"aspect-ratio:3\/4\" srcset=\"https:\/\/roulottes.ch\/wp-content\/uploads\/2026\/02\/2025_0419_14371100-1-782x1024.jpg 782w, https:\/\/roulottes.ch\/wp-content\/uploads\/2026\/02\/2025_0419_14371100-1-229x300.jpg 229w, https:\/\/roulottes.ch\/wp-content\/uploads\/2026\/02\/2025_0419_14371100-1-768x1005.jpg 768w, https:\/\/roulottes.ch\/wp-content\/uploads\/2026\/02\/2025_0419_14371100-1-1173x1536.jpg 1173w, https:\/\/roulottes.ch\/wp-content\/uploads\/2026\/02\/2025_0419_14371100-1-1565x2048.jpg 1565w, https:\/\/roulottes.ch\/wp-content\/uploads\/2026\/02\/2025_0419_14371100-1-500x655.jpg 500w, https:\/\/roulottes.ch\/wp-content\/uploads\/2026\/02\/2025_0419_14371100-1-800x1047.jpg 800w, https:\/\/roulottes.ch\/wp-content\/uploads\/2026\/02\/2025_0419_14371100-1-1280x1676.jpg 1280w, https:\/\/roulottes.ch\/wp-content\/uploads\/2026\/02\/2025_0419_14371100-1-1920x2513.jpg 1920w, https:\/\/roulottes.ch\/wp-content\/uploads\/2026\/02\/2025_0419_14371100-1-206x270.jpg 206w, https:\/\/roulottes.ch\/wp-content\/uploads\/2026\/02\/2025_0419_14371100-1-scaled.jpg 1956w\" sizes=\"auto, (max-width: 782px) 100vw, 782px\" \/><\/figure>\n\n\n\n<figure class=\"wp-block-image size-large\"><img loading=\"lazy\" decoding=\"async\" width=\"683\" height=\"1024\" data-id=\"3048\" src=\"https:\/\/roulottes.ch\/wp-content\/uploads\/2026\/02\/2025_0419_14383200-683x1024.jpg\" alt=\"\" class=\"wp-image-3048\" style=\"aspect-ratio:3\/4\" srcset=\"https:\/\/roulottes.ch\/wp-content\/uploads\/2026\/02\/2025_0419_14383200-683x1024.jpg 683w, https:\/\/roulottes.ch\/wp-content\/uploads\/2026\/02\/2025_0419_14383200-200x300.jpg 200w, https:\/\/roulottes.ch\/wp-content\/uploads\/2026\/02\/2025_0419_14383200-768x1152.jpg 768w, https:\/\/roulottes.ch\/wp-content\/uploads\/2026\/02\/2025_0419_14383200-1024x1536.jpg 1024w, https:\/\/roulottes.ch\/wp-content\/uploads\/2026\/02\/2025_0419_14383200-1365x2048.jpg 1365w, https:\/\/roulottes.ch\/wp-content\/uploads\/2026\/02\/2025_0419_14383200-500x750.jpg 500w, https:\/\/roulottes.ch\/wp-content\/uploads\/2026\/02\/2025_0419_14383200-800x1200.jpg 800w, https:\/\/roulottes.ch\/wp-content\/uploads\/2026\/02\/2025_0419_14383200-1280x1920.jpg 1280w, https:\/\/roulottes.ch\/wp-content\/uploads\/2026\/02\/2025_0419_14383200-1920x2880.jpg 1920w, https:\/\/roulottes.ch\/wp-content\/uploads\/2026\/02\/2025_0419_14383200-180x270.jpg 180w, https:\/\/roulottes.ch\/wp-content\/uploads\/2026\/02\/2025_0419_14383200-scaled.jpg 1707w\" sizes=\"auto, (max-width: 683px) 100vw, 683px\" \/><\/figure>\n\n\n\n<figure class=\"wp-block-image size-large is-style-default\"><img loading=\"lazy\" decoding=\"async\" width=\"847\" height=\"1024\" data-id=\"3050\" src=\"https:\/\/roulottes.ch\/wp-content\/uploads\/2026\/02\/2025_0419_14400600-847x1024.jpg\" alt=\"\" class=\"wp-image-3050\" style=\"aspect-ratio:3\/4\" srcset=\"https:\/\/roulottes.ch\/wp-content\/uploads\/2026\/02\/2025_0419_14400600-847x1024.jpg 847w, https:\/\/roulottes.ch\/wp-content\/uploads\/2026\/02\/2025_0419_14400600-248x300.jpg 248w, https:\/\/roulottes.ch\/wp-content\/uploads\/2026\/02\/2025_0419_14400600-768x929.jpg 768w, https:\/\/roulottes.ch\/wp-content\/uploads\/2026\/02\/2025_0419_14400600-1270x1536.jpg 1270w, https:\/\/roulottes.ch\/wp-content\/uploads\/2026\/02\/2025_0419_14400600-1694x2048.jpg 1694w, https:\/\/roulottes.ch\/wp-content\/uploads\/2026\/02\/2025_0419_14400600-500x605.jpg 500w, https:\/\/roulottes.ch\/wp-content\/uploads\/2026\/02\/2025_0419_14400600-800x967.jpg 800w, https:\/\/roulottes.ch\/wp-content\/uploads\/2026\/02\/2025_0419_14400600-1280x1548.jpg 1280w, https:\/\/roulottes.ch\/wp-content\/uploads\/2026\/02\/2025_0419_14400600-1920x2321.jpg 1920w, https:\/\/roulottes.ch\/wp-content\/uploads\/2026\/02\/2025_0419_14400600-223x270.jpg 223w, https:\/\/roulottes.ch\/wp-content\/uploads\/2026\/02\/2025_0419_14400600.jpg 2000w\" sizes=\"auto, (max-width: 847px) 100vw, 847px\" \/><\/figure>\n<\/figure>\n\n\n\n<div style=\"height:100px\" aria-hidden=\"true\" class=\"wp-block-spacer\"><\/div>\n\n\n\n<h2 class=\"wp-block-heading\">Tische aus Erle<\/h2>\n\n\n\n<figure class=\"wp-block-gallery has-nested-images columns-2 is-cropped wp-block-gallery-3 is-layout-flex wp-block-gallery-is-layout-flex\">\n<figure class=\"wp-block-image size-large\"><img loading=\"lazy\" decoding=\"async\" width=\"1024\" height=\"744\" data-id=\"3053\" src=\"https:\/\/roulottes.ch\/wp-content\/uploads\/2026\/02\/Tisch-Skizze2-1-1024x744.jpg\" alt=\"\" class=\"wp-image-3053\" srcset=\"https:\/\/roulottes.ch\/wp-content\/uploads\/2026\/02\/Tisch-Skizze2-1-1024x744.jpg 1024w, https:\/\/roulottes.ch\/wp-content\/uploads\/2026\/02\/Tisch-Skizze2-1-300x218.jpg 300w, https:\/\/roulottes.ch\/wp-content\/uploads\/2026\/02\/Tisch-Skizze2-1-768x558.jpg 768w, https:\/\/roulottes.ch\/wp-content\/uploads\/2026\/02\/Tisch-Skizze2-1-1536x1117.jpg 1536w, https:\/\/roulottes.ch\/wp-content\/uploads\/2026\/02\/Tisch-Skizze2-1-2048x1489.jpg 2048w, https:\/\/roulottes.ch\/wp-content\/uploads\/2026\/02\/Tisch-Skizze2-1-500x363.jpg 500w, https:\/\/roulottes.ch\/wp-content\/uploads\/2026\/02\/Tisch-Skizze2-1-800x582.jpg 800w, https:\/\/roulottes.ch\/wp-content\/uploads\/2026\/02\/Tisch-Skizze2-1-1280x930.jpg 1280w, https:\/\/roulottes.ch\/wp-content\/uploads\/2026\/02\/Tisch-Skizze2-1-1920x1396.jpg 1920w, https:\/\/roulottes.ch\/wp-content\/uploads\/2026\/02\/Tisch-Skizze2-1-371x270.jpg 371w\" sizes=\"auto, (max-width: 1024px) 100vw, 1024px\" \/><\/figure>\n\n\n\n<figure class=\"wp-block-image size-large\"><img loading=\"lazy\" decoding=\"async\" width=\"1024\" height=\"576\" data-id=\"3052\" src=\"https:\/\/roulottes.ch\/wp-content\/uploads\/2026\/02\/Tische-Edi1-1024x576.jpg\" alt=\"\" class=\"wp-image-3052\" srcset=\"https:\/\/roulottes.ch\/wp-content\/uploads\/2026\/02\/Tische-Edi1-1024x576.jpg 1024w, https:\/\/roulottes.ch\/wp-content\/uploads\/2026\/02\/Tische-Edi1-300x169.jpg 300w, https:\/\/roulottes.ch\/wp-content\/uploads\/2026\/02\/Tische-Edi1-768x432.jpg 768w, https:\/\/roulottes.ch\/wp-content\/uploads\/2026\/02\/Tische-Edi1-1536x864.jpg 1536w, https:\/\/roulottes.ch\/wp-content\/uploads\/2026\/02\/Tische-Edi1-2048x1152.jpg 2048w, https:\/\/roulottes.ch\/wp-content\/uploads\/2026\/02\/Tische-Edi1-500x281.jpg 500w, https:\/\/roulottes.ch\/wp-content\/uploads\/2026\/02\/Tische-Edi1-800x450.jpg 800w\" sizes=\"auto, (max-width: 1024px) 100vw, 1024px\" \/><\/figure>\n\n\n\n<figure class=\"wp-block-image size-large\"><img decoding=\"async\" data-id=\"3051\" src=\"https:\/\/roulottes.ch\/wp-content\/uploads\/2026\/02\/Tische-Edi2.jpg\" alt=\"\" class=\"wp-image-3051\"\/><\/figure>\n<\/figure>\n\n\n\n<div style=\"height:100px\" aria-hidden=\"true\" class=\"wp-block-spacer\"><\/div>\n\n\n\n<h2 class=\"wp-block-heading\">Komposttoilette<\/h2>\n\n\n\n<figure class=\"wp-block-gallery has-nested-images columns-2 is-cropped wp-block-gallery-4 is-layout-flex wp-block-gallery-is-layout-flex\">\n<figure class=\"wp-block-image size-full\"><img loading=\"lazy\" decoding=\"async\" width=\"1861\" height=\"2560\" data-id=\"3066\" src=\"https:\/\/roulottes.ch\/wp-content\/uploads\/2026\/02\/Kompotoi-Skizze-scaled.jpg\" alt=\"\" class=\"wp-image-3066\" srcset=\"https:\/\/roulottes.ch\/wp-content\/uploads\/2026\/02\/Kompotoi-Skizze-scaled.jpg 1861w, https:\/\/roulottes.ch\/wp-content\/uploads\/2026\/02\/Kompotoi-Skizze-218x300.jpg 218w, https:\/\/roulottes.ch\/wp-content\/uploads\/2026\/02\/Kompotoi-Skizze-744x1024.jpg 744w, https:\/\/roulottes.ch\/wp-content\/uploads\/2026\/02\/Kompotoi-Skizze-768x1056.jpg 768w, https:\/\/roulottes.ch\/wp-content\/uploads\/2026\/02\/Kompotoi-Skizze-1117x1536.jpg 1117w, https:\/\/roulottes.ch\/wp-content\/uploads\/2026\/02\/Kompotoi-Skizze-1489x2048.jpg 1489w, https:\/\/roulottes.ch\/wp-content\/uploads\/2026\/02\/Kompotoi-Skizze-500x688.jpg 500w, https:\/\/roulottes.ch\/wp-content\/uploads\/2026\/02\/Kompotoi-Skizze-800x1100.jpg 800w, https:\/\/roulottes.ch\/wp-content\/uploads\/2026\/02\/Kompotoi-Skizze-1280x1761.jpg 1280w, https:\/\/roulottes.ch\/wp-content\/uploads\/2026\/02\/Kompotoi-Skizze-1920x2641.jpg 1920w\" sizes=\"auto, (max-width: 1861px) 100vw, 1861px\" \/><\/figure>\n\n\n\n<figure class=\"wp-block-image size-full\"><img decoding=\"async\" data-id=\"3067\" src=\"https:\/\/roulottes.ch\/wp-content\/uploads\/2026\/02\/P1340753.jpg\" alt=\"\" class=\"wp-image-3067\"\/><\/figure>\n\n\n\n<figure class=\"wp-block-image size-full\"><img loading=\"lazy\" decoding=\"async\" width=\"1922\" height=\"2560\" data-id=\"3068\" src=\"https:\/\/roulottes.ch\/wp-content\/uploads\/2026\/02\/P1340759-scaled.jpg\" alt=\"\" class=\"wp-image-3068\" srcset=\"https:\/\/roulottes.ch\/wp-content\/uploads\/2026\/02\/P1340759-scaled.jpg 1922w, https:\/\/roulottes.ch\/wp-content\/uploads\/2026\/02\/P1340759-225x300.jpg 225w, https:\/\/roulottes.ch\/wp-content\/uploads\/2026\/02\/P1340759-769x1024.jpg 769w, https:\/\/roulottes.ch\/wp-content\/uploads\/2026\/02\/P1340759-768x1023.jpg 768w, https:\/\/roulottes.ch\/wp-content\/uploads\/2026\/02\/P1340759-1153x1536.jpg 1153w, https:\/\/roulottes.ch\/wp-content\/uploads\/2026\/02\/P1340759-1538x2048.jpg 1538w, https:\/\/roulottes.ch\/wp-content\/uploads\/2026\/02\/P1340759-500x666.jpg 500w\" sizes=\"auto, (max-width: 1922px) 100vw, 1922px\" \/><\/figure>\n<\/figure>\n\n\n\n<div style=\"height:100px\" aria-hidden=\"true\" class=\"wp-block-spacer\"><\/div>\n\n\n\n<h2 class=\"wp-block-heading\">Tischplatte mit profil aus Kirsche mit Gusseisenf\u00fcssen.<\/h2>\n\n\n<div class=\"wp-block-image\">\n<figure class=\"aligncenter size-large\"><img loading=\"lazy\" decoding=\"async\" width=\"768\" height=\"1024\" src=\"https:\/\/roulottes.ch\/wp-content\/uploads\/2026\/02\/Flammenbild-768x1024.jpg\" alt=\"\" class=\"wp-image-3063\" srcset=\"https:\/\/roulottes.ch\/wp-content\/uploads\/2026\/02\/Flammenbild-768x1024.jpg 768w, https:\/\/roulottes.ch\/wp-content\/uploads\/2026\/02\/Flammenbild-225x300.jpg 225w, https:\/\/roulottes.ch\/wp-content\/uploads\/2026\/02\/Flammenbild-1152x1536.jpg 1152w, https:\/\/roulottes.ch\/wp-content\/uploads\/2026\/02\/Flammenbild-1536x2048.jpg 1536w, https:\/\/roulottes.ch\/wp-content\/uploads\/2026\/02\/Flammenbild-500x667.jpg 500w, https:\/\/roulottes.ch\/wp-content\/uploads\/2026\/02\/Flammenbild-800x1067.jpg 800w, https:\/\/roulottes.ch\/wp-content\/uploads\/2026\/02\/Flammenbild-1280x1707.jpg 1280w, https:\/\/roulottes.ch\/wp-content\/uploads\/2026\/02\/Flammenbild-scaled.jpg 1920w, https:\/\/roulottes.ch\/wp-content\/uploads\/2026\/02\/Flammenbild-203x270.jpg 203w\" sizes=\"auto, (max-width: 768px) 100vw, 768px\" \/><\/figure>\n<\/div>\n\n\n<div style=\"height:100px\" aria-hidden=\"true\" class=\"wp-block-spacer\"><\/div>\n\n\n\n<h2 class=\"wp-block-heading\">Treppe aus Esche<\/h2>\n\n\n<div class=\"wp-block-image\">\n<figure class=\"aligncenter size-large\"><img loading=\"lazy\" decoding=\"async\" width=\"768\" height=\"1024\" src=\"https:\/\/roulottes.ch\/wp-content\/uploads\/2026\/02\/P7284170-768x1024.jpg\" alt=\"\" class=\"wp-image-3062\" srcset=\"https:\/\/roulottes.ch\/wp-content\/uploads\/2026\/02\/P7284170-768x1024.jpg 768w, https:\/\/roulottes.ch\/wp-content\/uploads\/2026\/02\/P7284170-225x300.jpg 225w, https:\/\/roulottes.ch\/wp-content\/uploads\/2026\/02\/P7284170-1152x1536.jpg 1152w, https:\/\/roulottes.ch\/wp-content\/uploads\/2026\/02\/P7284170-1536x2048.jpg 1536w, https:\/\/roulottes.ch\/wp-content\/uploads\/2026\/02\/P7284170-500x667.jpg 500w, https:\/\/roulottes.ch\/wp-content\/uploads\/2026\/02\/P7284170-800x1067.jpg 800w, https:\/\/roulottes.ch\/wp-content\/uploads\/2026\/02\/P7284170-1280x1707.jpg 1280w, https:\/\/roulottes.ch\/wp-content\/uploads\/2026\/02\/P7284170-scaled.jpg 1920w, https:\/\/roulottes.ch\/wp-content\/uploads\/2026\/02\/P7284170-203x270.jpg 203w\" sizes=\"auto, (max-width: 768px) 100vw, 768px\" \/><\/figure>\n<\/div>\n\n\n<div style=\"height:100px\" aria-hidden=\"true\" class=\"wp-block-spacer\"><\/div>\n\n\n\n<h2 class=\"wp-block-heading\">Terassenrost aus L\u00e4rche<\/h2>\n\n\n<div class=\"wp-block-image\">\n<figure class=\"aligncenter size-large\"><img loading=\"lazy\" decoding=\"async\" width=\"576\" height=\"1024\" src=\"https:\/\/roulottes.ch\/wp-content\/uploads\/2026\/02\/Terassen-Rost-576x1024.jpg\" alt=\"\" class=\"wp-image-3055\" srcset=\"https:\/\/roulottes.ch\/wp-content\/uploads\/2026\/02\/Terassen-Rost-576x1024.jpg 576w, https:\/\/roulottes.ch\/wp-content\/uploads\/2026\/02\/Terassen-Rost-169x300.jpg 169w, https:\/\/roulottes.ch\/wp-content\/uploads\/2026\/02\/Terassen-Rost-768x1365.jpg 768w, https:\/\/roulottes.ch\/wp-content\/uploads\/2026\/02\/Terassen-Rost-864x1536.jpg 864w, https:\/\/roulottes.ch\/wp-content\/uploads\/2026\/02\/Terassen-Rost-1152x2048.jpg 1152w, https:\/\/roulottes.ch\/wp-content\/uploads\/2026\/02\/Terassen-Rost-500x889.jpg 500w, https:\/\/roulottes.ch\/wp-content\/uploads\/2026\/02\/Terassen-Rost-800x1422.jpg 800w, https:\/\/roulottes.ch\/wp-content\/uploads\/2026\/02\/Terassen-Rost-1280x2276.jpg 1280w, https:\/\/roulottes.ch\/wp-content\/uploads\/2026\/02\/Terassen-Rost-1920x3413.jpg 1920w, https:\/\/roulottes.ch\/wp-content\/uploads\/2026\/02\/Terassen-Rost-152x270.jpg 152w, https:\/\/roulottes.ch\/wp-content\/uploads\/2026\/02\/Terassen-Rost-scaled.jpg 1440w\" sizes=\"auto, (max-width: 576px) 100vw, 576px\" \/><\/figure>\n<\/div>","protected":false},"excerpt":{"rendered":"<p>Wir fertigen neben Wagen und deren Innenausstattungen auch jegliche Massanfertigungen aus Holz her. Einbauk\u00fcche &#8211; Genossenschaft Buntspecht K\u00fcchenzeile, Eckregal, K\u00fchlschrankkorpus und Korpus, alle aus wiederverwertetem, beschichtetem Sperrholz mit Eschenholzanleimer. Tops aus Richlite, made with paper. Mobile Weinbar f\u00fcr Degustationen &#8211; Cantina Cavallini, Tessin Weinbar mobil auf zwei Rollen. Griffe schnell demontierbar. Korpus ged\u00e4mmt und abgedichtet, innen Sperrholz Pappel, aussen Eiche gehobelt und ge\u00f6lt. Abschliessbar mit Zahlenschloss. Tische aus Erle Komposttoilette Tischplatte mit profil aus Kirsche mit Gusseisenf\u00fcssen. Treppe aus Esche&#8230;<\/p>\n<p class=\"read-more\"><a class=\"btn btn-default\" href=\"https:\/\/roulottes.ch\/fr\/schreinerei\/massanfertigungen\/\">Lire la suite<span class=\"screen-reader-text\"> Lire la suite<\/span><\/a><\/p>\n","protected":false},"author":1,"featured_media":0,"parent":3095,"menu_order":0,"comment_status":"closed","ping_status":"closed","template":"","meta":{"_themeisle_gutenberg_block_has_review":false,"_vp_format_video_url":"","_vp_image_focal_point":[],"footnotes":""},"class_list":["post-2954","page","type-page","status-publish","hentry"],"_links":{"self":[{"href":"https:\/\/roulottes.ch\/fr\/wp-json\/wp\/v2\/pages\/2954","targetHints":{"allow":["GET"]}}],"collection":[{"href":"https:\/\/roulottes.ch\/fr\/wp-json\/wp\/v2\/pages"}],"about":[{"href":"https:\/\/roulottes.ch\/fr\/wp-json\/wp\/v2\/types\/page"}],"author":[{"embeddable":true,"href":"https:\/\/roulottes.ch\/fr\/wp-json\/wp\/v2\/users\/1"}],"replies":[{"embeddable":true,"href":"https:\/\/roulottes.ch\/fr\/wp-json\/wp\/v2\/comments?post=2954"}],"version-history":[{"count":5,"href":"https:\/\/roulottes.ch\/fr\/wp-json\/wp\/v2\/pages\/2954\/revisions"}],"predecessor-version":[{"id":3178,"href":"https:\/\/roulottes.ch\/fr\/wp-json\/wp\/v2\/pages\/2954\/revisions\/3178"}],"up":[{"embeddable":true,"href":"https:\/\/roulottes.ch\/fr\/wp-json\/wp\/v2\/pages\/3095"}],"wp:attachment":[{"href":"https:\/\/roulottes.ch\/fr\/wp-json\/wp\/v2\/media?parent=2954"}],"curies":[{"name":"wp","href":"https:\/\/api.w.org\/{rel}","templated":true}]}}