{"id":2962,"date":"2026-02-27T08:51:58","date_gmt":"2026-02-27T07:51:58","guid":{"rendered":"https:\/\/roulottes.ch\/?page_id=2962"},"modified":"2026-03-17T10:24:32","modified_gmt":"2026-03-17T09:24:32","slug":"kontakt","status":"publish","type":"page","link":"https:\/\/roulottes.ch\/fr\/wir\/kontakt\/","title":{"rendered":"Kontakt"},"content":{"rendered":"\n<p>Holzlabor&nbsp;| Genossenschaft<br>Wagenbau&nbsp;| Schreinerei<\/p>\n\n\n\n<p>Produktion Genossenschaftssitz:<br>Neunfornerstrasse 48<br>8479 Altikon<br><br>Wagenhalle und Baupl\u00e4tze:<br>Lagerplatz 27<br>Geb\u00e4ude 181.3 (nach dem Kino Cameo)<br>8400 Winterthur<\/p>\n\n\n\n<p>tel.&nbsp; 079 796 53 34<\/p>\n\n\n\n<p>mail. <a href=\"mailto:post@holzlabor.org\">post(at)holzlabor.org<\/a><\/p>\n\n\n\n<p>Werkstatt-Pr\u00e4senzzeiten:<br>Mo. \u2013 Do. 8:00 \u2013 17:30 Uhr<br>Interessierte bitte voranmelden.<\/p>\n\n\n\n<hr class=\"wp-block-separator has-alpha-channel-opacity\"\/>\n\n\n\n<h2 class=\"wp-block-heading has-text-align-center\">Jobs<\/h2>\n\n\n\n<p>Im Moment haben wir keine freien Stellen zu vergeben.<\/p>\n","protected":false},"excerpt":{"rendered":"<p>Holzlabor&nbsp;| GenossenschaftWagenbau&nbsp;| Schreinerei Produktion Genossenschaftssitz:Neunfornerstrasse 488479 Altikon Wagenhalle und Baupl\u00e4tze:Lagerplatz 27Geb\u00e4ude 181.3 (nach dem Kino Cameo)8400 Winterthur tel.&nbsp; 079 796 53 34 mail. post(at)holzlabor.org Werkstatt-Pr\u00e4senzzeiten:Mo. \u2013 Do. 8:00 \u2013 17:30 UhrInteressierte bitte voranmelden. Jobs Im Moment haben wir keine freien Stellen zu vergeben.<\/p>\n","protected":false},"author":1,"featured_media":0,"parent":21,"menu_order":0,"comment_status":"closed","ping_status":"closed","template":"","meta":{"_themeisle_gutenberg_block_has_review":false,"_vp_format_video_url":"","_vp_image_focal_point":[],"footnotes":""},"class_list":["post-2962","page","type-page","status-publish","hentry"],"_links":{"self":[{"href":"https:\/\/roulottes.ch\/fr\/wp-json\/wp\/v2\/pages\/2962","targetHints":{"allow":["GET"]}}],"collection":[{"href":"https:\/\/roulottes.ch\/fr\/wp-json\/wp\/v2\/pages"}],"about":[{"href":"https:\/\/roulottes.ch\/fr\/wp-json\/wp\/v2\/types\/page"}],"author":[{"embeddable":true,"href":"https:\/\/roulottes.ch\/fr\/wp-json\/wp\/v2\/users\/1"}],"replies":[{"embeddable":true,"href":"https:\/\/roulottes.ch\/fr\/wp-json\/wp\/v2\/comments?post=2962"}],"version-history":[{"count":10,"href":"https:\/\/roulottes.ch\/fr\/wp-json\/wp\/v2\/pages\/2962\/revisions"}],"predecessor-version":[{"id":3179,"href":"https:\/\/roulottes.ch\/fr\/wp-json\/wp\/v2\/pages\/2962\/revisions\/3179"}],"up":[{"embeddable":true,"href":"https:\/\/roulottes.ch\/fr\/wp-json\/wp\/v2\/pages\/21"}],"wp:attachment":[{"href":"https:\/\/roulottes.ch\/fr\/wp-json\/wp\/v2\/media?parent=2962"}],"curies":[{"name":"wp","href":"https:\/\/api.w.org\/{rel}","templated":true}]}}