{"id":2968,"date":"2026-02-24T10:17:37","date_gmt":"2026-02-24T09:17:37","guid":{"rendered":"https:\/\/roulottes.ch\/?page_id=2968"},"modified":"2026-02-25T15:54:39","modified_gmt":"2026-02-25T14:54:39","slug":"organisation-hintergrund","status":"publish","type":"page","link":"https:\/\/roulottes.ch\/fr\/wir\/organisation-hintergrund\/","title":{"rendered":"Organisation &#038; Hintergrund"},"content":{"rendered":"\n<h2 class=\"wp-block-heading has-text-align-left\">Grunds\u00e4tze<\/h2>\n\n\n\n<p class=\"has-text-align-left\"><strong>>> Wir schreinern, bauen Wagen, M\u00f6bel  und Holzkonstruktionen<\/strong><\/p>\n\n\n\n<p>Die Auswahl der Materialien treffen wir nach baubiologischen Grunds\u00e4tzen. Ebenso achten wir auf eine einwandfreie Qualit\u00e4t und Herkunft der Werkstoffe. Wir versuchen den Ressourcenverbrauch zu reduzieren und streben eine m\u00f6glichst hohe Ressourceneffizienz an.<\/p>\n\n\n\n<p>Wir ber\u00fccksichtigen m\u00f6glichst die ganze Wertsch\u00f6pfungskette. Beim Massivholz bedeutet dies, dass wir vom Wald\/Baum, bzw der Rohware bis zum gebrauchsfertigen Objekt den ganzen Prozess begleiten und kontrollieren. Bei Halbfabrikaten achten wir auf die Herkunft und Produktion derselben.<\/p>\n\n\n\n<p class=\"has-text-align-left\"><strong>>> Wir organisieren uns gemeinsam<\/strong><\/p>\n\n\n\n<p>Die Genossenschaft Holzlabor beabsichtigt mittels einer m\u00f6glichst horizontalen Organisationsform zu funktionieren. Konkret bedeutet das, dass die Beteiligten sich f\u00fcr eine bestimmte T\u00e4tigkeit entscheiden und Verantwortung f\u00fcr bestimmte Aufgaben \u00fcbernehmen. Wir bezahlen unseren Angestellten faire L\u00f6hne; mindestens gem\u00e4ss dem Gesamtarbeitsvertrag des Schreinereigewerbes und bieten faire Arbeitsbedingungen.<\/p>\n\n\n\n<p class=\"has-text-align-left\"><strong>>> Wir schaffen alternative Wohnformen<\/strong><\/p>\n\n\n\n<p>Unser T\u00e4tigkeitsgebiet ist die Holzbearbeitung, das Schreinern, und insbesondere der Wagenbau, sowie die Organisation im Kollektiv und die nachhaltige Nutzung von Ressourcen und Rohstoffen. Wir stellen dauerhafte Objekte her, die einen hohen Gebrauchswert haben.<\/p>\n\n\n\n<p class=\"has-text-align-left\"><strong>>> Wir pflegen eine Kultur welche Austausch und Weiterbildung erm\u00f6glicht<\/strong><\/p>\n\n\n\n<figure class=\"wp-block-gallery has-nested-images columns-default is-cropped wp-block-gallery-1 is-layout-flex wp-block-gallery-is-layout-flex\">\n<figure class=\"wp-block-image size-large\"><img decoding=\"async\" data-id=\"2166\" src=\"https:\/\/roulottes.ch\/wp-content\/uploads\/2024\/02\/Holzlabor-by-Nico-Spahni-19.jpg\" alt=\"\" class=\"wp-image-2166\"\/><\/figure>\n\n\n\n<figure class=\"wp-block-image size-large\"><img decoding=\"async\" data-id=\"2196\" src=\"https:\/\/roulottes.ch\/wp-content\/uploads\/2024\/02\/Luis-Schreiner-1.jpg\" alt=\"\" class=\"wp-image-2196\"\/><\/figure>\n\n\n\n<figure class=\"wp-block-image size-large\"><img decoding=\"async\" data-id=\"2149\" src=\"https:\/\/roulottes.ch\/wp-content\/uploads\/2024\/02\/Holzlabor-by-Nico-Spahni-8-1.jpg\" alt=\"\" class=\"wp-image-2149\"\/><\/figure>\n<\/figure>\n\n\n\n<h2 class=\"wp-block-heading\">Hintergrund<\/h2>\n\n\n\n<p>Die Schreinerei existiert seit 2004; 2014 wurde eine eigenst\u00e4ndige Genossenschaft gegr\u00fcndet. Zu den wichtigsten Grunds\u00e4tzen geh\u00f6ren das Praktizieren und F\u00f6rdern von klassischem Handwerk. Die Genossenschaft stellt die obligatorischen Organe wie den Vorstand und die Mitgliederversammlungen. Sie strebt eine ganzheitliche, selbstorganisierte und integre Struktur an. Ein System mit unterschiedlichen Menschen und deren St\u00e4rken und F\u00e4higkeiten, ein Ort wo Synergien entstehen k\u00f6nnen und Impulse f\u00fcr Lernprozesse und Reflexionen stattfinden.<\/p>\n\n\n\n<p>Wir praktizieren klassisches Handwerk, welches aus nachhaltigen Werkstoffen qualitativ hochwertige und dauerhafte Erzeugnisse fertigt. Das Team setzt sich aus Festangestellten, Praktikannt:Innen und zeitweise Wandergesell:Innen zusammen. <\/p>\n\n\n\n<hr class=\"wp-block-separator has-alpha-channel-opacity\"\/>\n","protected":false},"excerpt":{"rendered":"<p>Grunds\u00e4tze >> Wir schreinern, bauen Wagen, M\u00f6bel und Holzkonstruktionen Die Auswahl der Materialien treffen wir nach baubiologischen Grunds\u00e4tzen. Ebenso achten wir auf eine einwandfreie Qualit\u00e4t und Herkunft der Werkstoffe. Wir versuchen den Ressourcenverbrauch zu reduzieren und streben eine m\u00f6glichst hohe Ressourceneffizienz an. Wir ber\u00fccksichtigen m\u00f6glichst die ganze Wertsch\u00f6pfungskette. Beim Massivholz bedeutet dies, dass wir vom Wald\/Baum, bzw der Rohware bis zum gebrauchsfertigen Objekt den ganzen Prozess begleiten und kontrollieren. Bei Halbfabrikaten achten wir auf die Herkunft und Produktion derselben. >>&#8230;<\/p>\n<p class=\"read-more\"><a class=\"btn btn-default\" href=\"https:\/\/roulottes.ch\/fr\/wir\/organisation-hintergrund\/\">Lire la suite<span class=\"screen-reader-text\"> Lire la suite<\/span><\/a><\/p>\n","protected":false},"author":1,"featured_media":0,"parent":21,"menu_order":0,"comment_status":"closed","ping_status":"closed","template":"","meta":{"_themeisle_gutenberg_block_has_review":false,"_vp_format_video_url":"","_vp_image_focal_point":[],"footnotes":""},"class_list":["post-2968","page","type-page","status-publish","hentry"],"_links":{"self":[{"href":"https:\/\/roulottes.ch\/fr\/wp-json\/wp\/v2\/pages\/2968","targetHints":{"allow":["GET"]}}],"collection":[{"href":"https:\/\/roulottes.ch\/fr\/wp-json\/wp\/v2\/pages"}],"about":[{"href":"https:\/\/roulottes.ch\/fr\/wp-json\/wp\/v2\/types\/page"}],"author":[{"embeddable":true,"href":"https:\/\/roulottes.ch\/fr\/wp-json\/wp\/v2\/users\/1"}],"replies":[{"embeddable":true,"href":"https:\/\/roulottes.ch\/fr\/wp-json\/wp\/v2\/comments?post=2968"}],"version-history":[{"count":6,"href":"https:\/\/roulottes.ch\/fr\/wp-json\/wp\/v2\/pages\/2968\/revisions"}],"predecessor-version":[{"id":2997,"href":"https:\/\/roulottes.ch\/fr\/wp-json\/wp\/v2\/pages\/2968\/revisions\/2997"}],"up":[{"embeddable":true,"href":"https:\/\/roulottes.ch\/fr\/wp-json\/wp\/v2\/pages\/21"}],"wp:attachment":[{"href":"https:\/\/roulottes.ch\/fr\/wp-json\/wp\/v2\/media?parent=2968"}],"curies":[{"name":"wp","href":"https:\/\/api.w.org\/{rel}","templated":true}]}}