{"id":532,"date":"2019-01-17T11:31:42","date_gmt":"2019-01-17T10:31:42","guid":{"rendered":"http:\/\/roulottes.ch\/?page_id=532"},"modified":"2026-02-27T09:02:02","modified_gmt":"2026-02-27T08:02:02","slug":"beratung-planung","status":"publish","type":"page","link":"https:\/\/roulottes.ch\/fr\/wagenbau\/beratung-planung\/","title":{"rendered":"Beratung &#038; Planung"},"content":{"rendered":"\n<p>Wir bauen Wagen neu, restaurieren, reparieren und beraten. (Zirkuswagen, Roulottes, Bauwagen, Holzwohnwagen)<br>Wir bieten unsere Unterst\u00fctzung bei der Planung und bei der Umsetzung des Vorhabens an. Beratungskosten: Pauschal FR 200,-\/2h<br><br>Wir kaufen \/ verkaufen keine gebrauchten Wagen, k\u00f6nnen jedoch bei der Vermittlung behilflich sein.<\/p>\n\n\n\n<p>Wagenpl\u00e4tze sind gesucht. Bei bedarf k\u00f6nnt Ihr Euch melden. Wir versuchen zu vermitteln.<\/p>\n\n\n\n<figure class=\"wp-block-image size-large\"><img loading=\"lazy\" decoding=\"async\" width=\"1024\" height=\"576\" src=\"https:\/\/roulottes.ch\/wp-content\/uploads\/2026\/02\/20240925_165639.Wagen_Karin_Litschi-1024x576.jpg\" alt=\"\" class=\"wp-image-3038\" srcset=\"https:\/\/roulottes.ch\/wp-content\/uploads\/2026\/02\/20240925_165639.Wagen_Karin_Litschi-1024x576.jpg 1024w, https:\/\/roulottes.ch\/wp-content\/uploads\/2026\/02\/20240925_165639.Wagen_Karin_Litschi-300x169.jpg 300w, https:\/\/roulottes.ch\/wp-content\/uploads\/2026\/02\/20240925_165639.Wagen_Karin_Litschi-768x432.jpg 768w, https:\/\/roulottes.ch\/wp-content\/uploads\/2026\/02\/20240925_165639.Wagen_Karin_Litschi-1536x864.jpg 1536w, https:\/\/roulottes.ch\/wp-content\/uploads\/2026\/02\/20240925_165639.Wagen_Karin_Litschi-2048x1152.jpg 2048w, https:\/\/roulottes.ch\/wp-content\/uploads\/2026\/02\/20240925_165639.Wagen_Karin_Litschi-500x281.jpg 500w, https:\/\/roulottes.ch\/wp-content\/uploads\/2026\/02\/20240925_165639.Wagen_Karin_Litschi-800x450.jpg 800w, https:\/\/roulottes.ch\/wp-content\/uploads\/2026\/02\/20240925_165639.Wagen_Karin_Litschi-1280x720.jpg 1280w, https:\/\/roulottes.ch\/wp-content\/uploads\/2026\/02\/20240925_165639.Wagen_Karin_Litschi-1920x1080.jpg 1920w, https:\/\/roulottes.ch\/wp-content\/uploads\/2026\/02\/20240925_165639.Wagen_Karin_Litschi-480x270.jpg 480w\" sizes=\"auto, (max-width: 1024px) 100vw, 1024px\" \/><\/figure>\n\n\n\n<hr class=\"wp-block-separator has-alpha-channel-opacity\"\/>\n\n\n\n<div style=\"height:100px\" aria-hidden=\"true\" class=\"wp-block-spacer\"><\/div>\n\n\n\n<h2 class=\"wp-block-heading\">Planung<\/h2>\n\n\n\n<p>Beim Neubau eines Wagens gilt es viele Entscheidungen zu treffen.<\/p>\n\n\n\n<figure class=\"wp-block-image size-full\"><img loading=\"lazy\" decoding=\"async\" width=\"2560\" height=\"1707\" src=\"https:\/\/roulottes.ch\/wp-content\/uploads\/2025\/03\/DSCF0902-scaled.jpg\" alt=\"\" class=\"wp-image-2575\" srcset=\"https:\/\/roulottes.ch\/wp-content\/uploads\/2025\/03\/DSCF0902-scaled.jpg 2560w, https:\/\/roulottes.ch\/wp-content\/uploads\/2025\/03\/DSCF0902-300x200.jpg 300w, https:\/\/roulottes.ch\/wp-content\/uploads\/2025\/03\/DSCF0902-1024x683.jpg 1024w, https:\/\/roulottes.ch\/wp-content\/uploads\/2025\/03\/DSCF0902-768x512.jpg 768w, https:\/\/roulottes.ch\/wp-content\/uploads\/2025\/03\/DSCF0902-1536x1024.jpg 1536w, https:\/\/roulottes.ch\/wp-content\/uploads\/2025\/03\/DSCF0902-2048x1365.jpg 2048w, https:\/\/roulottes.ch\/wp-content\/uploads\/2025\/03\/DSCF0902-500x333.jpg 500w, https:\/\/roulottes.ch\/wp-content\/uploads\/2025\/03\/DSCF0902-800x533.jpg 800w, https:\/\/roulottes.ch\/wp-content\/uploads\/2025\/03\/DSCF0902-1280x853.jpg 1280w\" sizes=\"auto, (max-width: 2560px) 100vw, 2560px\" \/><\/figure>\n\n\n\n<p>Welche Gr\u00f6sse soll der Wagen haben? Wie wird er bewegt? Wo soll er stehen? (und inwiefern ist dies mit den Vorschriften vereinbar?) Welche Form soll er haben? Wie wird er ged\u00e4mmt? Wie wird er beheizt? Welche Materialien sind geeignet? Welche Innenausstattung braucht der Wagen? Was ist mit meinem Budget machbar? Was kann ich selbst machen? Wo brauche ich Unterst\u00fctzung? Der wichtigste Punkt ist sich bei der Beantwortung dieser Fragen an seinen Bed\u00fcrfnissen zu orientieren und nicht an den M\u00f6glichkeiten.<\/p>\n\n\n\n<p>Wenn es um den Kauf, Umbau und Anpassung von gebrauchten Wagen geht bieten wir unsere Hilfe an. Es gibt viele gebrauchte Zirkus- oder Bauwagen zu kaufen. Oftmals werden diese von Privatpersonen angeboten, die im Falle von M\u00e4ngeln keine Garantie \u00fcbernehmen. Auch hier gibt es einige Punkte, die beurteilt werden m\u00fcssen. Wie ist der Zustand? Ist der Preis daf\u00fcr gerechtfertigt? Beim Kauf \u00fcber Inserate im Internet ist Vorsicht geboten. Ein Wagen ist schnell gekauft, doch wie sieht es mit den Kosten f\u00fcr die Instandsetzung aus, sind diese bezahlbar? Wir machen eine Einsch\u00e4tzung des Zustandes und wenn gew\u00fcnscht eine Preisempfehlung. Wir k\u00f6nnen auch&nbsp;den Transport organisieren.<\/p>\n\n\n\n<figure class=\"wp-block-image size-large\"><img loading=\"lazy\" decoding=\"async\" width=\"1024\" height=\"683\" src=\"https:\/\/roulottes.ch\/wp-content\/uploads\/2021\/06\/DSCF0667-1024x683.jpg\" alt=\"\" class=\"wp-image-1370\" srcset=\"https:\/\/roulottes.ch\/wp-content\/uploads\/2021\/06\/DSCF0667-1024x683.jpg 1024w, https:\/\/roulottes.ch\/wp-content\/uploads\/2021\/06\/DSCF0667-300x200.jpg 300w, https:\/\/roulottes.ch\/wp-content\/uploads\/2021\/06\/DSCF0667-768x512.jpg 768w\" sizes=\"auto, (max-width: 1024px) 100vw, 1024px\" \/><\/figure>\n\n\n\n<h2 class=\"wp-block-heading\">Verwendungszweck<\/h2>\n\n\n\n<p>Ein Wagen ist daf\u00fcr gemacht, mobil zu sein. es empfiehlt sich deshalb, ihn nicht allzu gross und m\u00f6glichst leicht zu bauen. Je nach dem, wof\u00fcr ein Wagen genutzt werden soll. z.B. Wohnen, Zirkuswagen, Schulzimmer, \u00dcbungsraum, Marktstand, Labor, Kino, Werkstatt, K\u00fcche, Bienenwagen &#8230; Je nach Art wie der \u00adWagen bewegt werden soll, also mit Pferden, Traktor, Auto oder Lastwagen, \u00adwerden die Masse und das Chassis festlegt. wenn der Wagen oft bewegt wird, \u00adjedoch \u00fcber kurze Distanzen, ist ein Fahrgestell, das auf eine Fahrgeschwindigkeit von 30 bzw. 40 km\/h begrenzt ist vorteilhaft. Dies ist die einfachste und kosteng\u00fcnstigste Variante. Sie ben\u00f6tigt am wenigsten Wartung. M\u00f6glich ist auch den Aufbau auf einen Holzwagen, Auto- oder Lastwagen\u00ad Anh\u00e4nger zu realisieren.<\/p>\n\n\n<div class=\"wp-block-image\">\n<figure class=\"aligncenter\"><img loading=\"lazy\" decoding=\"async\" width=\"300\" height=\"289\" src=\"http:\/\/roulottes.ch\/wp-content\/uploads\/2017\/08\/wagenaufbau-300x289.jpg\" alt=\"\" class=\"wp-image-6\" srcset=\"https:\/\/roulottes.ch\/wp-content\/uploads\/2017\/08\/wagenaufbau-300x289.jpg 300w, https:\/\/roulottes.ch\/wp-content\/uploads\/2017\/08\/wagenaufbau.jpg 707w\" sizes=\"auto, (max-width: 300px) 100vw, 300px\" \/><\/figure>\n<\/div>\n\n\n<h2 class=\"wp-block-heading\">Weshalb<\/h2>\n\n\n\n<p>Ein Wagen ist mobil, ist nicht an einen bestimmten Ort gebunden. Dies bietet mehr Bewegungsfreiheit. Wer im Wagen lebt ist mehr draussen und erlebt das Wetter und die Umwelt unmittelbarer. Das Leben im Wagen erm\u00f6glicht und f\u00f6rdert mehr Autonomie und einen bewussten Umgang mit Heizenergie, Strom etc. im Alltag. f\u00fcr den Bau des \u00adWagens wird kein Zus\u00e4tzliches Land verbaut und versiegelt. es bietet sich an, einen Wagen als Erg\u00e4nzung zu bestehenden R\u00e4umen zu nutzen und zu bewohnen. Sowohl f\u00fcr den Bau, wie auch f\u00fcr die Nutzung eines Wagens ist der Ressourcen\u00adverbrauch wesentlich geringer als f\u00fcr ein Haus, bzw. eine Wohnung.<\/p>\n","protected":false},"excerpt":{"rendered":"<p>Wir bauen Wagen neu, restaurieren, reparieren und beraten. (Zirkuswagen, Roulottes, Bauwagen, Holzwohnwagen)Wir bieten unsere Unterst\u00fctzung bei der Planung und bei der Umsetzung des Vorhabens an. Beratungskosten: Pauschal FR 200,-\/2h Wir kaufen \/ verkaufen keine gebrauchten Wagen, k\u00f6nnen jedoch bei der Vermittlung behilflich sein. Wagenpl\u00e4tze sind gesucht. Bei bedarf k\u00f6nnt Ihr Euch melden. Wir versuchen zu vermitteln. Planung Beim Neubau eines Wagens gilt es viele Entscheidungen zu treffen. Welche Gr\u00f6sse soll der Wagen haben? Wie wird er bewegt? Wo soll er&#8230;<\/p>\n<p class=\"read-more\"><a class=\"btn btn-default\" href=\"https:\/\/roulottes.ch\/fr\/wagenbau\/beratung-planung\/\">Lire la suite<span class=\"screen-reader-text\"> Lire la suite<\/span><\/a><\/p>\n","protected":false},"author":1,"featured_media":0,"parent":3076,"menu_order":0,"comment_status":"closed","ping_status":"closed","template":"","meta":{"_themeisle_gutenberg_block_has_review":false,"_vp_format_video_url":"","_vp_image_focal_point":[],"footnotes":""},"class_list":["post-532","page","type-page","status-publish","hentry"],"_links":{"self":[{"href":"https:\/\/roulottes.ch\/fr\/wp-json\/wp\/v2\/pages\/532","targetHints":{"allow":["GET"]}}],"collection":[{"href":"https:\/\/roulottes.ch\/fr\/wp-json\/wp\/v2\/pages"}],"about":[{"href":"https:\/\/roulottes.ch\/fr\/wp-json\/wp\/v2\/types\/page"}],"author":[{"embeddable":true,"href":"https:\/\/roulottes.ch\/fr\/wp-json\/wp\/v2\/users\/1"}],"replies":[{"embeddable":true,"href":"https:\/\/roulottes.ch\/fr\/wp-json\/wp\/v2\/comments?post=532"}],"version-history":[{"count":15,"href":"https:\/\/roulottes.ch\/fr\/wp-json\/wp\/v2\/pages\/532\/revisions"}],"predecessor-version":[{"id":3039,"href":"https:\/\/roulottes.ch\/fr\/wp-json\/wp\/v2\/pages\/532\/revisions\/3039"}],"up":[{"embeddable":true,"href":"https:\/\/roulottes.ch\/fr\/wp-json\/wp\/v2\/pages\/3076"}],"wp:attachment":[{"href":"https:\/\/roulottes.ch\/fr\/wp-json\/wp\/v2\/media?parent=532"}],"curies":[{"name":"wp","href":"https:\/\/api.w.org\/{rel}","templated":true}]}}